{"id":876,"date":"2019-01-31T12:28:46","date_gmt":"2019-01-31T14:28:46","guid":{"rendered":"https:\/\/www.paessolucoes.com\/biovis\/pt\/?post_type=product&#038;p=876"},"modified":"2023-06-27T15:35:37","modified_gmt":"2023-06-27T18:35:37","slug":"secador-de-maos-speedy-abs","status":"publish","type":"product","link":"https:\/\/biovis.com.br\/es\/produto\/secador-de-maos-speedy-abs\/","title":{"rendered":"Secador de Manos SPEEDY ABS"},"content":{"rendered":"<p>Codigos: 000539 (127V) \/ 000540 (220V)<br \/>\nDimensiones: 27,0 x 25,0 x 17,0 cm<br \/>\nPeso neto: 3,260kg<br \/>\nMateria prima: Pl\u00e1stico ABS<br \/>\nPotencia: 1100W<br \/>\nRotaci\u00f3n: 25.000rpm<br \/>\nFlujo de aire: 44l\/s ou 159m\u00b3\/h<br \/>\nVelocidad de aire: 90m\/s<br \/>\nFrecuancia: 60Hz<br \/>\nRuido: 65dB<br \/>\nTemperatura del aire: 35\u00ba a 65\u00baC<br \/>\nConsumo: 3Wh\/actuaci\u00f3n<br \/>\nTiempo de secado: hasta 15s<br \/>\nDistancia de detecci\u00f3n: hasta 15cm<br \/>\n\u00cdndice de protecci\u00f3n: IPX1<br \/>\nGarant\u00eda: 12 meses, contra defectos de fabricaci\u00f3n<br \/>\nNCM: 8516.33.00<\/p>\n","protected":false},"excerpt":{"rendered":"<p>Secador de manos autom\u00e1tico accionado por sensor de presencia. Pr\u00e1ctico, econ\u00f3mico, sostenible y a\u00fan hace que el ba\u00f1o est\u00e9 m\u00e1s limpio y organizado.<\/p>\n<p>Con la opci\u00f3n de aire caliente y fr\u00edo, este modelo tiene un bot\u00f3n de encendido\/apagado, panel de estado y filtro de aire.<\/p>\n<p>Todos los secadores de manos Biovis tienen el sello de conformidad INMETRO 371\/2009.<\/p>\n<p><strong>[maxbutton id=\"18\"]<\/strong><\/p>\n<p>&nbsp;<\/p>\n","protected":false},"featured_media":1718,"template":"","meta":{"_joinchat":[]},"product_brand":[],"product_cat":[34,17],"product_tag":[56,55],"class_list":{"0":"post-876","1":"product","2":"type-product","3":"status-publish","4":"has-post-thumbnail","6":"product_cat-plastico","7":"product_cat-secadores-de-maos","8":"product_tag-secador-de-maos-automatico","9":"product_tag-secador-de-maos","11":"first","12":"instock","13":"shipping-taxable","14":"product-type-simple"},"aioseo_notices":[],"_links":{"self":[{"href":"https:\/\/biovis.com.br\/es\/wp-json\/wp\/v2\/product\/876","targetHints":{"allow":["GET"]}}],"collection":[{"href":"https:\/\/biovis.com.br\/es\/wp-json\/wp\/v2\/product"}],"about":[{"href":"https:\/\/biovis.com.br\/es\/wp-json\/wp\/v2\/types\/product"}],"wp:featuredmedia":[{"embeddable":true,"href":"https:\/\/biovis.com.br\/es\/wp-json\/wp\/v2\/media\/1718"}],"wp:attachment":[{"href":"https:\/\/biovis.com.br\/es\/wp-json\/wp\/v2\/media?parent=876"}],"wp:term":[{"taxonomy":"product_brand","embeddable":true,"href":"https:\/\/biovis.com.br\/es\/wp-json\/wp\/v2\/product_brand?post=876"},{"taxonomy":"product_cat","embeddable":true,"href":"https:\/\/biovis.com.br\/es\/wp-json\/wp\/v2\/product_cat?post=876"},{"taxonomy":"product_tag","embeddable":true,"href":"https:\/\/biovis.com.br\/es\/wp-json\/wp\/v2\/product_tag?post=876"}],"curies":[{"name":"wp","href":"https:\/\/api.w.org\/{rel}","templated":true}]}}