{"id":847,"date":"2019-01-31T11:57:00","date_gmt":"2019-01-31T13:57:00","guid":{"rendered":"https:\/\/www.paessolucoes.com\/biovis\/pt\/?post_type=product&#038;p=847"},"modified":"2025-02-07T10:17:24","modified_gmt":"2025-02-07T13:17:24","slug":"saboneteira-sensor-luna","status":"publish","type":"product","link":"https:\/\/biovis.com.br\/es\/produto\/saboneteira-sensor-luna\/","title":{"rendered":"Jabonera Sensor Luna"},"content":{"rendered":"<p>Codigo: 001025<br \/>\nDimensiones: 25,5 x 12,5 x 13,0 cm<br \/>\nPeso neto: 0,840kg<br \/>\nMateria prima: Pl\u00e1stico ABS<br \/>\nCapacidad: 1000ml<br \/>\nVolumen dispensado: 6ml de espuma<br \/>\nDistancia de detecci\u00f3n: hasta 12cm<br \/>\nPotencia: 6 pilas alcalinas AA o adaptador bivolt<br \/>\nGarant\u00eda: 6 meses, contra defectos de fabricaci\u00f3n<br \/>\nNCM: 8424.89.90<\/p>\n","protected":false},"excerpt":{"rendered":"<p>Dispensador de pared para espuma de jab\u00f3n, activado por sensor de presencia. Coloque sus manos cerca del sensor y se dispensar\u00e1 la espuma.<\/p>\n<p>Hecho de pl\u00e1stico ABS de calidad, esta jabonera tiene una cerradura de seguridad, mirilla nivelada y dep\u00f3sito de pl\u00e1stico interno.<\/p>\n<p>Alimentado por bater\u00edas o adaptador bivolt.<\/p>\n<p><strong>[maxbutton id=\"18\"]<\/strong><\/p>\n<p>&nbsp;<\/p>\n","protected":false},"featured_media":3240,"template":"","meta":{"_joinchat":[]},"product_brand":[],"product_cat":[42,51,36,280,18],"product_tag":[49,52,48],"class_list":{"0":"post-847","1":"product","2":"type-product","3":"status-publish","4":"has-post-thumbnail","6":"product_cat-automatica","7":"product_cat-espuma","8":"product_cat-plastica-saboneteiras","9":"product_cat-saboneteiras-sensor","10":"product_cat-saboneteiras","11":"product_tag-saboneteira-automatica","12":"product_tag-saboneteira-espuma","13":"product_tag-saboneteira-sensor","15":"first","16":"instock","17":"shipping-taxable","18":"product-type-simple"},"aioseo_notices":[],"_links":{"self":[{"href":"https:\/\/biovis.com.br\/es\/wp-json\/wp\/v2\/product\/847","targetHints":{"allow":["GET"]}}],"collection":[{"href":"https:\/\/biovis.com.br\/es\/wp-json\/wp\/v2\/product"}],"about":[{"href":"https:\/\/biovis.com.br\/es\/wp-json\/wp\/v2\/types\/product"}],"wp:featuredmedia":[{"embeddable":true,"href":"https:\/\/biovis.com.br\/es\/wp-json\/wp\/v2\/media\/3240"}],"wp:attachment":[{"href":"https:\/\/biovis.com.br\/es\/wp-json\/wp\/v2\/media?parent=847"}],"wp:term":[{"taxonomy":"product_brand","embeddable":true,"href":"https:\/\/biovis.com.br\/es\/wp-json\/wp\/v2\/product_brand?post=847"},{"taxonomy":"product_cat","embeddable":true,"href":"https:\/\/biovis.com.br\/es\/wp-json\/wp\/v2\/product_cat?post=847"},{"taxonomy":"product_tag","embeddable":true,"href":"https:\/\/biovis.com.br\/es\/wp-json\/wp\/v2\/product_tag?post=847"}],"curies":[{"name":"wp","href":"https:\/\/api.w.org\/{rel}","templated":true}]}}