{"id":840,"date":"2019-01-31T11:49:21","date_gmt":"2019-01-31T13:49:21","guid":{"rendered":"https:\/\/www.paessolucoes.com\/biovis\/pt\/?post_type=product&#038;p=840"},"modified":"2023-06-23T11:23:07","modified_gmt":"2023-06-23T14:23:07","slug":"saboneteira-sensor-700ml","status":"publish","type":"product","link":"https:\/\/biovis.com.br\/es\/produto\/saboneteira-sensor-700ml\/","title":{"rendered":"Jabonera Sensor 700ml"},"content":{"rendered":"<p style=\"font-weight: 400;\">Codigo: 12.07<br \/>\nDimensiones: 16,5 x 11,0 x 9,5 cm<br \/>\nPeso neto: 0,440kg<br \/>\nMateria prima: pl\u00e1stico ABS<br \/>\nCapacidad: 700ml<br \/>\nVolumen dispensado: 0,8 a 1,0ml<br \/>\nDistancia de detecci\u00f3n: hasta 12cm<br \/>\nPotencia: 4 pilas alcalinas AA<br \/>\nGarant\u00eda: 6 meses, contra defectos de fabricaci\u00f3n<br \/>\nNCM: 8424.89.90<\/p>\n","protected":false},"excerpt":{"rendered":"<p>Dispensador de pared de pl\u00e1stico para jab\u00f3n l\u00edquido o alcohol en gel, activado por sensor de presencia.<\/p>\n<p>Pr\u00e1ctico, moderno y econ\u00f3mico, evita la contaminaci\u00f3n cruzada, por lo que es ideal para su uso en establecimientos de salud y alimentaci\u00f3n, fomentando el uso de alcohol en gel.<\/p>\n<p>Esta jabonera tiene un bloqueo de seguridad y funciona con bater\u00edas.<\/p>\n<p><strong>[maxbutton id=\"3\"]<\/strong><\/p>\n<p>&nbsp;<\/p>\n","protected":false},"featured_media":2871,"template":"","meta":{"_joinchat":[]},"product_brand":[],"product_cat":[42,36,280,18],"product_tag":[102,49,48],"class_list":{"0":"post-840","1":"product","2":"type-product","3":"status-publish","4":"has-post-thumbnail","6":"product_cat-automatica","7":"product_cat-plastica-saboneteiras","8":"product_cat-saboneteiras-sensor","9":"product_cat-saboneteiras","10":"product_tag-alcool-em-gel","11":"product_tag-saboneteira-automatica","12":"product_tag-saboneteira-sensor","14":"first","15":"instock","16":"shipping-taxable","17":"product-type-simple"},"aioseo_notices":[],"_links":{"self":[{"href":"https:\/\/biovis.com.br\/es\/wp-json\/wp\/v2\/product\/840","targetHints":{"allow":["GET"]}}],"collection":[{"href":"https:\/\/biovis.com.br\/es\/wp-json\/wp\/v2\/product"}],"about":[{"href":"https:\/\/biovis.com.br\/es\/wp-json\/wp\/v2\/types\/product"}],"wp:featuredmedia":[{"embeddable":true,"href":"https:\/\/biovis.com.br\/es\/wp-json\/wp\/v2\/media\/2871"}],"wp:attachment":[{"href":"https:\/\/biovis.com.br\/es\/wp-json\/wp\/v2\/media?parent=840"}],"wp:term":[{"taxonomy":"product_brand","embeddable":true,"href":"https:\/\/biovis.com.br\/es\/wp-json\/wp\/v2\/product_brand?post=840"},{"taxonomy":"product_cat","embeddable":true,"href":"https:\/\/biovis.com.br\/es\/wp-json\/wp\/v2\/product_cat?post=840"},{"taxonomy":"product_tag","embeddable":true,"href":"https:\/\/biovis.com.br\/es\/wp-json\/wp\/v2\/product_tag?post=840"}],"curies":[{"name":"wp","href":"https:\/\/api.w.org\/{rel}","templated":true}]}}