{"id":695,"date":"2019-01-10T15:27:17","date_gmt":"2019-01-10T17:27:17","guid":{"rendered":"http:\/\/www.paessolucoes.com\/biovis\/pt\/?post_type=product&#038;p=695"},"modified":"2023-06-26T09:17:28","modified_gmt":"2023-06-26T12:17:28","slug":"lixeira-coleta-30l","status":"publish","type":"product","link":"https:\/\/biovis.com.br\/es\/produto\/lixeira-coleta-30l\/","title":{"rendered":"Basurero Coleta 30L"},"content":{"rendered":"<p>Codigo: 000181<br \/>\nDimensiones: 47,0 x 40,0 x 34 cm<br \/>\nPeso neto: 4,800kg<br \/>\nMateria prima: acero inox 410 cepillado (tapa y cubo interior de pl\u00e1stico \/ pedal de acero)<br \/>\nCapacidad: 30 litros (15L cada compartimento)<br \/>\nGarant\u00eda: 3 meses, contra defectos de fabricaci\u00f3n<br \/>\nNCM: 7323.93.00<\/p>\n<p>&nbsp;<\/p>\n<p>&nbsp;<\/p>\n","protected":false},"excerpt":{"rendered":"<p>Cubo de basura de acero inoxidable cepillado, con tapa que se abre por pedal y 2 compartimentos.<\/p>\n<p>Tiene una cubeta interna extra\u00edble, con asas que facilitan la eliminaci\u00f3n de la basura. Ideal para la separaci\u00f3n de residuos.<\/p>\n<p><strong>[maxbutton id=\"18\"]<\/strong><\/p>\n<p>&nbsp;<\/p>\n","protected":false},"featured_media":1786,"template":"","meta":{"_joinchat":[]},"product_brand":[],"product_cat":[27,44,278],"product_tag":[108,111,110,109],"class_list":{"0":"post-695","1":"product","2":"type-product","3":"status-publish","4":"has-post-thumbnail","6":"product_cat-lixeira","7":"product_cat-pedal","8":"product_cat-produtos-em-aco-inox","9":"product_tag-lixeira-coleta","10":"product_tag-lixeira-inox","11":"product_tag-lixeira-pedal","12":"product_tag-separacao-de-lixo","14":"first","15":"instock","16":"shipping-taxable","17":"product-type-simple"},"aioseo_notices":[],"_links":{"self":[{"href":"https:\/\/biovis.com.br\/es\/wp-json\/wp\/v2\/product\/695","targetHints":{"allow":["GET"]}}],"collection":[{"href":"https:\/\/biovis.com.br\/es\/wp-json\/wp\/v2\/product"}],"about":[{"href":"https:\/\/biovis.com.br\/es\/wp-json\/wp\/v2\/types\/product"}],"wp:featuredmedia":[{"embeddable":true,"href":"https:\/\/biovis.com.br\/es\/wp-json\/wp\/v2\/media\/1786"}],"wp:attachment":[{"href":"https:\/\/biovis.com.br\/es\/wp-json\/wp\/v2\/media?parent=695"}],"wp:term":[{"taxonomy":"product_brand","embeddable":true,"href":"https:\/\/biovis.com.br\/es\/wp-json\/wp\/v2\/product_brand?post=695"},{"taxonomy":"product_cat","embeddable":true,"href":"https:\/\/biovis.com.br\/es\/wp-json\/wp\/v2\/product_cat?post=695"},{"taxonomy":"product_tag","embeddable":true,"href":"https:\/\/biovis.com.br\/es\/wp-json\/wp\/v2\/product_tag?post=695"}],"curies":[{"name":"wp","href":"https:\/\/api.w.org\/{rel}","templated":true}]}}