{"id":654,"date":"2019-01-10T14:28:41","date_gmt":"2019-01-10T16:28:41","guid":{"rendered":"http:\/\/www.paessolucoes.com\/biovis\/pt\/?post_type=product&#038;p=654"},"modified":"2026-02-12T15:05:51","modified_gmt":"2026-02-12T18:05:51","slug":"cuba-clean","status":"publish","type":"product","link":"https:\/\/biovis.com.br\/es\/produto\/cuba-clean\/","title":{"rendered":"Tina Pl\u00e1stica"},"content":{"rendered":"<p>Codigo: 001445<br \/>\nDimensiones: 10,5 x 23,0 x 31,0 cm<br \/>\nPeso neto: 0,380kg<br \/>\nMateria prima: pl\u00e1stico<br \/>\nCapacidad: 1,5 litros<br \/>\nGarant\u00eda: 3 meses, contra defectos de fabricaci\u00f3n<br \/>\nNCM: 7306.11.00<\/p>\n","protected":false},"excerpt":{"rendered":"<p>Tina de pl\u00e1stico para inmersi\u00f3n de diversos instrumentos en detergente enzim\u00e1tico.<\/p>\n<p>Este producto proporciona m\u00e1s seguridad para el profesional, ya que minimiza el manejo de material contaminado, y tambi\u00e9n disminuye el riesgo de accidentes con materiales afilados y cortantes.<\/p>\n<p>Set con 3 piezas: bandeja, colador y tapa.<\/p>\n<p><strong>[maxbutton id=\"18\"]<\/strong><\/p>\n","protected":false},"featured_media":1818,"template":"","meta":{"_joinchat":[]},"product_brand":[],"product_cat":[30],"product_tag":[118,119,120,131],"class_list":{"0":"post-654","1":"product","2":"type-product","3":"status-publish","4":"has-post-thumbnail","6":"product_cat-suportes","7":"product_tag-cuba-de-imersao","8":"product_tag-detergente-enzimatico","9":"product_tag-limpeza-de-instrumentos","10":"product_tag-linha-inova","12":"first","13":"instock","14":"shipping-taxable","15":"product-type-simple"},"aioseo_notices":[],"_links":{"self":[{"href":"https:\/\/biovis.com.br\/es\/wp-json\/wp\/v2\/product\/654","targetHints":{"allow":["GET"]}}],"collection":[{"href":"https:\/\/biovis.com.br\/es\/wp-json\/wp\/v2\/product"}],"about":[{"href":"https:\/\/biovis.com.br\/es\/wp-json\/wp\/v2\/types\/product"}],"wp:featuredmedia":[{"embeddable":true,"href":"https:\/\/biovis.com.br\/es\/wp-json\/wp\/v2\/media\/1818"}],"wp:attachment":[{"href":"https:\/\/biovis.com.br\/es\/wp-json\/wp\/v2\/media?parent=654"}],"wp:term":[{"taxonomy":"product_brand","embeddable":true,"href":"https:\/\/biovis.com.br\/es\/wp-json\/wp\/v2\/product_brand?post=654"},{"taxonomy":"product_cat","embeddable":true,"href":"https:\/\/biovis.com.br\/es\/wp-json\/wp\/v2\/product_cat?post=654"},{"taxonomy":"product_tag","embeddable":true,"href":"https:\/\/biovis.com.br\/es\/wp-json\/wp\/v2\/product_tag?post=654"}],"curies":[{"name":"wp","href":"https:\/\/api.w.org\/{rel}","templated":true}]}}