{"id":4379,"date":"2026-02-24T15:51:21","date_gmt":"2026-02-24T18:51:21","guid":{"rendered":"https:\/\/biovis.com.br\/?post_type=product&#038;p=4379"},"modified":"2026-03-12T12:50:22","modified_gmt":"2026-03-12T15:50:22","slug":"toalheiro-quadra-dourado","status":"publish","type":"product","link":"https:\/\/biovis.com.br\/es\/produto\/toalheiro-quadra-dourado\/","title":{"rendered":"Toalheiro Quadra Dourado"},"content":{"rendered":"<p>C\u00f3digo: 006407<br \/>\nDimens\u00f5es: 28,0 x 24,0 x 11,5 cm (AxLxP)<br \/>\nPeso l\u00edquido: 1,200kg<br \/>\nMat\u00e9ria prima: A\u00e7o com pintura eletrost\u00e1tica na cor dourada<br \/>\nCapacidade: at\u00e9 500 folhas (2 dobras)<br \/>\nSa\u00edda do papel: 19,5 x 5,5 cm<br \/>\nEmbalagem individual: caixa em papel microondulado<br \/>\nGarantia: 3 meses legais, contra defeitos de fabrica\u00e7\u00e3o<br \/>\nAcompanha: 2 chaves, 3 parafusos e 3 buchas para instala\u00e7\u00e3o<br \/>\nNCM: 7306.11.00<br \/>\nEAN-13: 7898599163595<\/p>\n<p style=\"text-align: center;\"><img loading=\"lazy\" decoding=\"async\" class=\"wp-image-3591 size-full aligncenter\" src=\"https:\/\/biovis.com.br\/wp-content\/uploads\/2023\/04\/toalheiro-quadra-medidas3.jpg\" alt=\"\" width=\"732\" height=\"240\" srcset=\"https:\/\/biovis.com.br\/wp-content\/uploads\/2023\/04\/toalheiro-quadra-medidas3.jpg 732w, https:\/\/biovis.com.br\/wp-content\/uploads\/2023\/04\/toalheiro-quadra-medidas3-300x98.jpg 300w, https:\/\/biovis.com.br\/wp-content\/uploads\/2023\/04\/toalheiro-quadra-medidas3-64x21.jpg 64w\" sizes=\"auto, (max-width: 732px) 100vw, 732px\" \/><\/p>\n","protected":false},"excerpt":{"rendered":"<p>Dispenser para papel toalha interfolhado. Possui chave\/fechadura met\u00e1lica anti-furto e visor de n\u00edvel. Compacto e resistente. Confira todos os itens da <a href=\"https:\/\/biovis.com.br\/produto-tag\/linha-dourada\">linha Dourada<\/a>.<\/p>\n<p>Seja um revendedor e solicite aqui seu or\u00e7amento:<br \/>\n<strong>[maxbutton id=\"18\"]<\/strong><\/p>\n<p>Ou fale com um vendedor para mais informa\u00e7\u00f5es:<strong><br \/>\n[maxbutton id=\"51\"]<\/strong><\/p>\n","protected":false},"featured_media":4402,"template":"","meta":{"_joinchat":[]},"product_brand":[],"product_cat":[297,19],"product_tag":[296],"class_list":{"0":"post-4379","1":"product","2":"type-product","3":"status-publish","4":"has-post-thumbnail","6":"product_cat-dourado","7":"product_cat-toalheiros","8":"product_tag-linha-dourada","10":"first","11":"instock","12":"shipping-taxable","13":"product-type-simple"},"aioseo_notices":[],"_links":{"self":[{"href":"https:\/\/biovis.com.br\/es\/wp-json\/wp\/v2\/product\/4379","targetHints":{"allow":["GET"]}}],"collection":[{"href":"https:\/\/biovis.com.br\/es\/wp-json\/wp\/v2\/product"}],"about":[{"href":"https:\/\/biovis.com.br\/es\/wp-json\/wp\/v2\/types\/product"}],"wp:featuredmedia":[{"embeddable":true,"href":"https:\/\/biovis.com.br\/es\/wp-json\/wp\/v2\/media\/4402"}],"wp:attachment":[{"href":"https:\/\/biovis.com.br\/es\/wp-json\/wp\/v2\/media?parent=4379"}],"wp:term":[{"taxonomy":"product_brand","embeddable":true,"href":"https:\/\/biovis.com.br\/es\/wp-json\/wp\/v2\/product_brand?post=4379"},{"taxonomy":"product_cat","embeddable":true,"href":"https:\/\/biovis.com.br\/es\/wp-json\/wp\/v2\/product_cat?post=4379"},{"taxonomy":"product_tag","embeddable":true,"href":"https:\/\/biovis.com.br\/es\/wp-json\/wp\/v2\/product_tag?post=4379"}],"curies":[{"name":"wp","href":"https:\/\/api.w.org\/{rel}","templated":true}]}}