{"id":4241,"date":"2025-03-28T14:11:24","date_gmt":"2025-03-28T17:11:24","guid":{"rendered":"https:\/\/biovis.com.br\/?post_type=product&#038;p=4241"},"modified":"2025-05-20T17:50:04","modified_gmt":"2025-05-20T20:50:04","slug":"mini-toalheiro-quadra","status":"publish","type":"product","link":"https:\/\/biovis.com.br\/es\/produto\/mini-toalheiro-quadra\/","title":{"rendered":"Mini Toalheiro Quadra"},"content":{"rendered":"<p>C\u00f3digo: 006107 (polido) \/ 006108 (escovado)<br \/>\nDimens\u00f5es:14,0 x 22,5 x 11,0 cm (AxLxP)<br \/>\nPeso l\u00edquido: 0,700kg<br \/>\nMat\u00e9ria prima: A\u00e7o inox 430<br \/>\nCapacidade: at\u00e9 250 folhas (2 dobras)<br \/>\nSa\u00edda do papel: 19,5 x 5,5 cm<br \/>\nEmbalagem individual: caixa em papel microondulado<br \/>\nGarantia: 3 meses legais, contra defeitos de fabrica\u00e7\u00e3o<br \/>\nAcompanha: 2 chaves, 2 parafusos e 2 buchas para instala\u00e7\u00e3o<br \/>\nNCM: 7306.11.00<br \/>\nEAN-13: 7898599163151 (polido) \/ 7898599163175 (escovado)<\/p>\n<p><img loading=\"lazy\" decoding=\"async\" class=\"alignnone wp-image-4266 size-full\" src=\"https:\/\/biovis.com.br\/wp-content\/uploads\/2025\/03\/Mini-Toalheiro-Quadra-medidas.jpg\" alt=\"\" width=\"750\" height=\"210\" srcset=\"https:\/\/biovis.com.br\/wp-content\/uploads\/2025\/03\/Mini-Toalheiro-Quadra-medidas.jpg 750w, https:\/\/biovis.com.br\/wp-content\/uploads\/2025\/03\/Mini-Toalheiro-Quadra-medidas-300x84.jpg 300w, https:\/\/biovis.com.br\/wp-content\/uploads\/2025\/03\/Mini-Toalheiro-Quadra-medidas-64x18.jpg 64w\" sizes=\"auto, (max-width: 750px) 100vw, 750px\" \/><\/p>\n<p>Para mais informa\u00e7\u00f5es, acesse o <a href=\"https:\/\/biovis.com.br\/wp-content\/uploads\/2025\/05\/Ficha-Tecnica-Biovis-Mini-Toalheiro-Quadra-rev060525.pdf\" target=\"_blank\" rel=\"noopener\">Manual de Instru\u00e7\u00f5es do Mini Toalheiro Quadra<\/a><\/p>\n","protected":false},"excerpt":{"rendered":"<p>Mini dispenser em a\u00e7o inox para papel toalha interfolhado. Possui chave\/fechadura met\u00e1lica anti-furto e visor de n\u00edvel. Compacto e resistente, o Toalheiro Quadra est\u00e1 dispon\u00edvel nas op\u00e7\u00f5es polido ou escovado. Confira tamb\u00e9m o <a href=\"https:\/\/biovis.com.br\/produto\/caicai-quadra\/\" target=\"_blank\" rel=\"noopener\">Caicai Quadra.<\/a><\/p>\n<p>Seja um revendedor e solicite aqui seu or\u00e7amento:<br \/>\n<strong>[maxbutton id=\"18\"]<\/strong><\/p>\n<p>Ou fale com um vendedor para mais informa\u00e7\u00f5es:<strong><br \/>\n[maxbutton id=\"51\"]<\/strong><\/p>\n<p>&nbsp;<\/p>\n","protected":false},"featured_media":4242,"template":"","meta":{"_joinchat":[]},"product_brand":[],"product_cat":[20,290,278,19],"product_tag":[54,288,294,62,60],"class_list":{"0":"post-4241","1":"product","2":"type-product","3":"status-publish","4":"has-post-thumbnail","6":"product_cat-toalheiros-aco-inox","7":"product_cat-linha-quadra","8":"product_cat-produtos-em-aco-inox","9":"product_cat-toalheiros","10":"product_tag-aco-inox","11":"product_tag-linha-quadra","12":"product_tag-mini-toalheiros","13":"product_tag-toalheiro-inox","14":"product_tag-toalheiro-interfolha","16":"first","17":"instock","18":"shipping-taxable","19":"product-type-simple"},"aioseo_notices":[],"_links":{"self":[{"href":"https:\/\/biovis.com.br\/es\/wp-json\/wp\/v2\/product\/4241","targetHints":{"allow":["GET"]}}],"collection":[{"href":"https:\/\/biovis.com.br\/es\/wp-json\/wp\/v2\/product"}],"about":[{"href":"https:\/\/biovis.com.br\/es\/wp-json\/wp\/v2\/types\/product"}],"wp:featuredmedia":[{"embeddable":true,"href":"https:\/\/biovis.com.br\/es\/wp-json\/wp\/v2\/media\/4242"}],"wp:attachment":[{"href":"https:\/\/biovis.com.br\/es\/wp-json\/wp\/v2\/media?parent=4241"}],"wp:term":[{"taxonomy":"product_brand","embeddable":true,"href":"https:\/\/biovis.com.br\/es\/wp-json\/wp\/v2\/product_brand?post=4241"},{"taxonomy":"product_cat","embeddable":true,"href":"https:\/\/biovis.com.br\/es\/wp-json\/wp\/v2\/product_cat?post=4241"},{"taxonomy":"product_tag","embeddable":true,"href":"https:\/\/biovis.com.br\/es\/wp-json\/wp\/v2\/product_tag?post=4241"}],"curies":[{"name":"wp","href":"https:\/\/api.w.org\/{rel}","templated":true}]}}