{"id":3885,"date":"2024-03-04T13:53:40","date_gmt":"2024-03-04T16:53:40","guid":{"rendered":"https:\/\/biovis.com.br\/?post_type=product&#038;p=3885"},"modified":"2025-01-13T17:02:15","modified_gmt":"2025-01-13T20:02:15","slug":"secador-de-maos-adler","status":"publish","type":"product","link":"https:\/\/biovis.com.br\/es\/produto\/secador-de-maos-adler\/","title":{"rendered":"Secador de M\u00e3os Adler"},"content":{"rendered":"<p>C\u00f3digos: 005816 (127V) \/ 005817 (220V)<br \/>\nDimens\u00f5es: 18,3&#215;27,5&#215;16,2cm<br \/>\nPeso l\u00edquido: 4,500kg<br \/>\nMat\u00e9ria prima: a\u00e7o inox 304<br \/>\nPot\u00eancia: 500~1000W<br \/>\nRota\u00e7\u00e3o: 30000rpm<br \/>\nFluxo de ar: 100m\/s<br \/>\nFrequ\u00eancia: 50\/60Hz<br \/>\nRu\u00eddo: 72dB<br \/>\nTemperatura do ar: 50\u00baC<br \/>\nConsumo: 8.0A<br \/>\nTempo de secagem: at\u00e9 10s<br \/>\nDist\u00e2ncia de detec\u00e7\u00e3o: at\u00e9 15cm<br \/>\n\u00cdndice de prote\u00e7\u00e3o: IPX3<br \/>\nGarantia: 12 meses (3 legais \/ 9 contratuais) contra defeitos de fabrica\u00e7\u00e3o<br \/>\nNCM: 8516.33.00<\/p>\n<p><iframe loading=\"lazy\" title=\"SECADOR ADLER BIOVIS\" width=\"696\" height=\"392\" src=\"https:\/\/www.youtube.com\/embed\/L7LaUl4SZP4?feature=oembed&#038;enablejsapi=1&#038;origin=https:\/\/biovis.com.br\" frameborder=\"0\" allow=\"accelerometer; autoplay; clipboard-write; encrypted-media; gyroscope; picture-in-picture; web-share\" referrerpolicy=\"strict-origin-when-cross-origin\" allowfullscreen><\/iframe><\/p>\n<p>&nbsp;<\/p>\n<p><img loading=\"lazy\" decoding=\"async\" class=\"alignnone wp-image-4212 \" src=\"https:\/\/biovis.com.br\/wp-content\/uploads\/2024\/03\/secador-adler-medidas.jpg\" alt=\"\" width=\"700\" height=\"281\" srcset=\"https:\/\/biovis.com.br\/wp-content\/uploads\/2024\/03\/secador-adler-medidas.jpg 800w, https:\/\/biovis.com.br\/wp-content\/uploads\/2024\/03\/secador-adler-medidas-300x120.jpg 300w, https:\/\/biovis.com.br\/wp-content\/uploads\/2024\/03\/secador-adler-medidas-768x308.jpg 768w, https:\/\/biovis.com.br\/wp-content\/uploads\/2024\/03\/secador-adler-medidas-64x26.jpg 64w\" sizes=\"auto, (max-width: 700px) 100vw, 700px\" \/><\/p>\n<p>Para mais informa\u00e7\u00f5es consulte o <a href=\"https:\/\/biovis.com.br\/wp-content\/uploads\/2025\/01\/Manual-Secador-de-maos-Adler-Biovis-rev090125.pdf\" target=\"_blank\" rel=\"noopener\">Manual de Instru\u00e7\u00f5es do Secador Adler<\/a>.<\/p>\n","protected":false},"excerpt":{"rendered":"<p>O Secador de m\u00e3os Adler INOX \u00e9 o modelo mais eficaz do nosso cat\u00e1logo. Oferece pot\u00eancia e resist\u00eancia com design compacto e elegante. Al\u00e9m disso, possui alto fluxo de ar, conta com a tecnologia UVC que esteriliza o ar, e filtro anti-bacteriano HEPA para melhor qualidade na secagem das m\u00e3os.<\/p>\n<p>Acionado por sensor de presen\u00e7a, ele \u00e9 pr\u00e1tico, econ\u00f4mico, sustent\u00e1vel e ainda deixa o banheiro mais limpo e organizado.\u00a0Confira todos os modelos de\u00a0<a href=\"https:\/\/biovis.com.br\/categoria-produto\/secadores-de-maos\/\" target=\"_blank\" rel=\"noopener\">Secadores de M\u00e3os<\/a>.<\/p>\n<p>Seja um revendedor e solicite aqui seu or\u00e7amento:<br \/>\n<strong>[maxbutton id=\"18\"]<\/strong><\/p>\n<p>Ou fale com um vendedor para mais informa\u00e7\u00f5es:<strong><br \/>\n[maxbutton id=\"51\"]<\/strong><\/p>\n<p>&nbsp;<\/p>\n<p>&nbsp;<\/p>\n","protected":false},"featured_media":3886,"template":"","meta":{"_joinchat":[]},"product_brand":[],"product_cat":[33,278,17],"product_tag":[],"class_list":{"0":"post-3885","1":"product","2":"type-product","3":"status-publish","4":"has-post-thumbnail","6":"product_cat-stainless-steel","7":"product_cat-produtos-em-aco-inox","8":"product_cat-secadores-de-maos","10":"first","11":"instock","12":"shipping-taxable","13":"product-type-simple"},"aioseo_notices":[],"_links":{"self":[{"href":"https:\/\/biovis.com.br\/es\/wp-json\/wp\/v2\/product\/3885","targetHints":{"allow":["GET"]}}],"collection":[{"href":"https:\/\/biovis.com.br\/es\/wp-json\/wp\/v2\/product"}],"about":[{"href":"https:\/\/biovis.com.br\/es\/wp-json\/wp\/v2\/types\/product"}],"wp:featuredmedia":[{"embeddable":true,"href":"https:\/\/biovis.com.br\/es\/wp-json\/wp\/v2\/media\/3886"}],"wp:attachment":[{"href":"https:\/\/biovis.com.br\/es\/wp-json\/wp\/v2\/media?parent=3885"}],"wp:term":[{"taxonomy":"product_brand","embeddable":true,"href":"https:\/\/biovis.com.br\/es\/wp-json\/wp\/v2\/product_brand?post=3885"},{"taxonomy":"product_cat","embeddable":true,"href":"https:\/\/biovis.com.br\/es\/wp-json\/wp\/v2\/product_cat?post=3885"},{"taxonomy":"product_tag","embeddable":true,"href":"https:\/\/biovis.com.br\/es\/wp-json\/wp\/v2\/product_tag?post=3885"}],"curies":[{"name":"wp","href":"https:\/\/api.w.org\/{rel}","templated":true}]}}