{"id":3777,"date":"2023-09-18T15:42:03","date_gmt":"2023-09-18T18:42:03","guid":{"rendered":"https:\/\/biovis.com.br\/?post_type=product&#038;p=3777"},"modified":"2025-02-07T10:00:03","modified_gmt":"2025-02-07T13:00:03","slug":"saboneteira-visium-espuma","status":"publish","type":"product","link":"https:\/\/biovis.com.br\/es\/produto\/saboneteira-visium-espuma\/","title":{"rendered":"Saboneteira Visium Espuma"},"content":{"rendered":"<p>C\u00f3digo: 005704 (polida) \/ 005705 (escovada)<br \/>\nDimens\u00f5es (AxLxP): 20,5 x 12,0 x 11,5 cm\/ 20,5 x 12,0 x 7,0 cm (sem a v\u00e1lvula)<br \/>\nComprimento da v\u00e1lvula: 4,5cm<br \/>\nPeso l\u00edquido: 0,480kg<br \/>\nMat\u00e9ria prima: A\u00e7o inox 304<br \/>\nCapacidade: 1000ml<br \/>\nVolume dispensado: 3,5 a 5,0ml de espuma<br \/>\nEmbalagem individual: saco de feltro e caixa de papel microondulado<br \/>\nAcompanha: chave, parafuso de seguran\u00e7a, suporte, parafusos e buchas para fixa\u00e7\u00e3o<br \/>\nGarantia: 3 meses legais, contra defeitos de fabrica\u00e7\u00e3o<br \/>\nNCM: 7324.90.00<br \/>\nEAN-13: 7898599163205 (polida) \/ 7898599163199 (escovada)<\/p>\n<p><iframe loading=\"lazy\" title=\"Saboneteira Visium INOX Espuma Biovis\" width=\"696\" height=\"392\" src=\"https:\/\/www.youtube.com\/embed\/0_SBzKLJ_D4?feature=oembed&#038;enablejsapi=1&#038;origin=https:\/\/biovis.com.br\" frameborder=\"0\" allow=\"accelerometer; autoplay; clipboard-write; encrypted-media; gyroscope; picture-in-picture; web-share\" referrerpolicy=\"strict-origin-when-cross-origin\" allowfullscreen><\/iframe><\/p>\n<p><img loading=\"lazy\" decoding=\"async\" class=\"alignnone wp-image-3877 \" src=\"https:\/\/biovis.com.br\/wp-content\/uploads\/2023\/09\/saboneteira-visium-espuma-09.jpg\" alt=\"\" width=\"738\" height=\"258\" srcset=\"https:\/\/biovis.com.br\/wp-content\/uploads\/2023\/09\/saboneteira-visium-espuma-09.jpg 815w, https:\/\/biovis.com.br\/wp-content\/uploads\/2023\/09\/saboneteira-visium-espuma-09-300x105.jpg 300w, https:\/\/biovis.com.br\/wp-content\/uploads\/2023\/09\/saboneteira-visium-espuma-09-768x269.jpg 768w, https:\/\/biovis.com.br\/wp-content\/uploads\/2023\/09\/saboneteira-visium-espuma-09-64x22.jpg 64w\" sizes=\"auto, (max-width: 738px) 100vw, 738px\" \/><\/p>\n<p>IMPORTANTE:<br \/>\n&#8211; Utilize somente sabonete especial para espuma ou sabonete l\u00edquido comum dilu\u00eddo (55% sabonete e 45% \u00e1gua);<br \/>\n&#8211; \u00c9 EXTREMAMENTE IMPORTANTE SEGUIR CORRETAMENTE OS PROCEDIMENTOS DE LIMPEZA PARA CONSERVAR A INTEGRIDADE, MANTER O BOM FUNCIONAMENTO E PROLONGAR A VIDA \u00daTIL DO PRODUTO.<\/p>\n<p>Para mais informa\u00e7\u00f5es, acesse o <a href=\"https:\/\/biovis.com.br\/wp-content\/uploads\/2025\/02\/Manual-Biovis-Saboneteira-Visium-Espuma-rev070225.pdf\" target=\"_blank\" rel=\"noopener\">Manual de Instru\u00e7\u00f5es da Saboneteira Visium Espuma<\/a><\/p>\n","protected":false},"excerpt":{"rendered":"<p>Dispenser de parede em a\u00e7o inox para sabonete em espuma. Moderna e resistente, tem capacidade para 1000ml, trava de seguran\u00e7a e o abastecimento \u00e9 feito por uma abertura (com chave) no topo do produto.\u00a0A saboneteira Visium Espuma est\u00e1 dispon\u00edvel com acabamento polido e escovado.<\/p>\n<p>Confira todos os itens da <a href=\"https:\/\/biovis.com.br\/produto-tag\/linha-visium\/\" target=\"_blank\" rel=\"noopener\">Linha Visium Inox<\/a>.<\/p>\n<p>Seja um revendedor e solicite aqui seu or\u00e7amento:<br \/>\n<strong>[maxbutton id=\"18\"]<\/strong><\/p>\n<p>Ou fale com um vendedor para mais informa\u00e7\u00f5es:<strong><br \/>\n[maxbutton id=\"51\"]<\/strong><\/p>\n<p>&nbsp;<\/p>\n","protected":false},"featured_media":3783,"template":"","meta":{"_joinchat":[]},"product_brand":[],"product_cat":[32,51,278,18],"product_tag":[45],"class_list":{"0":"post-3777","1":"product","2":"type-product","3":"status-publish","4":"has-post-thumbnail","6":"product_cat-aco-inox-saboneteiras","7":"product_cat-espuma","8":"product_cat-produtos-em-aco-inox","9":"product_cat-saboneteiras","10":"product_tag-saboneteira-inox","12":"first","13":"instock","14":"shipping-taxable","15":"product-type-simple"},"aioseo_notices":[],"_links":{"self":[{"href":"https:\/\/biovis.com.br\/es\/wp-json\/wp\/v2\/product\/3777","targetHints":{"allow":["GET"]}}],"collection":[{"href":"https:\/\/biovis.com.br\/es\/wp-json\/wp\/v2\/product"}],"about":[{"href":"https:\/\/biovis.com.br\/es\/wp-json\/wp\/v2\/types\/product"}],"wp:featuredmedia":[{"embeddable":true,"href":"https:\/\/biovis.com.br\/es\/wp-json\/wp\/v2\/media\/3783"}],"wp:attachment":[{"href":"https:\/\/biovis.com.br\/es\/wp-json\/wp\/v2\/media?parent=3777"}],"wp:term":[{"taxonomy":"product_brand","embeddable":true,"href":"https:\/\/biovis.com.br\/es\/wp-json\/wp\/v2\/product_brand?post=3777"},{"taxonomy":"product_cat","embeddable":true,"href":"https:\/\/biovis.com.br\/es\/wp-json\/wp\/v2\/product_cat?post=3777"},{"taxonomy":"product_tag","embeddable":true,"href":"https:\/\/biovis.com.br\/es\/wp-json\/wp\/v2\/product_tag?post=3777"}],"curies":[{"name":"wp","href":"https:\/\/api.w.org\/{rel}","templated":true}]}}