{"id":3599,"date":"2023-05-04T15:23:52","date_gmt":"2023-05-04T18:23:52","guid":{"rendered":"https:\/\/biovis.com.br\/?post_type=product&#038;p=3599"},"modified":"2023-07-06T11:57:10","modified_gmt":"2023-07-06T14:57:10","slug":"biotag-sinalizacao","status":"publish","type":"product","link":"https:\/\/biovis.com.br\/es\/produto\/biotag-sinalizacao\/","title":{"rendered":"BIOTAG"},"content":{"rendered":"<p>C\u00f3digos: 004059 (familia)\/ 003771 (accessible)\/ 003772 (femenino)\/ 003773 (masculino)\/ 003774 (beb\u00ea)\/ 003775 (unisex)<br \/>\nDimensiones: 15cm de di\u00e1metro<br \/>\nPeso neto: 0,080kg<br \/>\nMateria prima: acero inox 430 satinado<br \/>\nEspesor: 0,6mm<br \/>\nGarant\u00eda: 3 meses contra defectos de fabricaci\u00f3n<br \/>\nNCM: 8310.00.00<\/p>\n","protected":false},"excerpt":{"rendered":"<p>Placas de acero inoxidable para se\u00f1alizaci\u00f3n de ba\u00f1os: femenino, masculino, acessible, beb\u00e9, fam\u00edlia e unisex.<\/p>\n<p>Acompa\u00f1a cinta adesiva doble face.<\/p>\n<p><strong>[maxbutton id=\"18\"]<\/strong><\/p>\n<p>&nbsp;<\/p>\n","protected":false},"featured_media":3672,"template":"","meta":{"_joinchat":[]},"product_brand":[],"product_cat":[278,30],"product_tag":[291],"class_list":{"0":"post-3599","1":"product","2":"type-product","3":"status-publish","4":"has-post-thumbnail","6":"product_cat-produtos-em-aco-inox","7":"product_cat-suportes","8":"product_tag-biotag","10":"first","11":"instock","12":"shipping-taxable","13":"product-type-simple"},"aioseo_notices":[],"_links":{"self":[{"href":"https:\/\/biovis.com.br\/es\/wp-json\/wp\/v2\/product\/3599","targetHints":{"allow":["GET"]}}],"collection":[{"href":"https:\/\/biovis.com.br\/es\/wp-json\/wp\/v2\/product"}],"about":[{"href":"https:\/\/biovis.com.br\/es\/wp-json\/wp\/v2\/types\/product"}],"wp:featuredmedia":[{"embeddable":true,"href":"https:\/\/biovis.com.br\/es\/wp-json\/wp\/v2\/media\/3672"}],"wp:attachment":[{"href":"https:\/\/biovis.com.br\/es\/wp-json\/wp\/v2\/media?parent=3599"}],"wp:term":[{"taxonomy":"product_brand","embeddable":true,"href":"https:\/\/biovis.com.br\/es\/wp-json\/wp\/v2\/product_brand?post=3599"},{"taxonomy":"product_cat","embeddable":true,"href":"https:\/\/biovis.com.br\/es\/wp-json\/wp\/v2\/product_cat?post=3599"},{"taxonomy":"product_tag","embeddable":true,"href":"https:\/\/biovis.com.br\/es\/wp-json\/wp\/v2\/product_tag?post=3599"}],"curies":[{"name":"wp","href":"https:\/\/api.w.org\/{rel}","templated":true}]}}