{"id":3534,"date":"2023-04-18T10:32:00","date_gmt":"2023-04-18T13:32:00","guid":{"rendered":"https:\/\/biovis.com.br\/?post_type=product&#038;p=3534"},"modified":"2025-08-04T11:56:03","modified_gmt":"2025-08-04T14:56:03","slug":"toalheiro-quadra","status":"publish","type":"product","link":"https:\/\/biovis.com.br\/es\/produto\/toalheiro-quadra\/","title":{"rendered":"Toalheiro Quadra"},"content":{"rendered":"<p>C\u00f3digo: 005470 (polido) \/ 005488 (escovado)<br \/>\nDimens\u00f5es: 28,0 x 24,0 x 11,5 cm (AxLxP)<br \/>\nPeso l\u00edquido: 1,200kg<br \/>\nMat\u00e9ria prima: A\u00e7o inox 430<br \/>\nCapacidade: at\u00e9 500 folhas (2 dobras)<br \/>\nSa\u00edda do papel: 19,5 x 5,5 cm<br \/>\nEmbalagem individual: caixa em papel microondulado<br \/>\nGarantia: 3 meses legais, contra defeitos de fabrica\u00e7\u00e3o<br \/>\nAcompanha: 2 chaves, 3 parafusos e 3 buchas para instala\u00e7\u00e3o<br \/>\nNCM: 7306.11.00<br \/>\nEAN-13: 7898599163151 (polido) \/ 7898599163175 (escovado)<\/p>\n<p style=\"text-align: center;\"><img loading=\"lazy\" decoding=\"async\" class=\"wp-image-3591 size-full aligncenter\" src=\"https:\/\/biovis.com.br\/wp-content\/uploads\/2023\/04\/toalheiro-quadra-medidas3.jpg\" alt=\"\" width=\"732\" height=\"240\" srcset=\"https:\/\/biovis.com.br\/wp-content\/uploads\/2023\/04\/toalheiro-quadra-medidas3.jpg 732w, https:\/\/biovis.com.br\/wp-content\/uploads\/2023\/04\/toalheiro-quadra-medidas3-300x98.jpg 300w, https:\/\/biovis.com.br\/wp-content\/uploads\/2023\/04\/toalheiro-quadra-medidas3-64x21.jpg 64w\" sizes=\"auto, (max-width: 732px) 100vw, 732px\" \/><\/p>\n<p style=\"text-align: center;\">\u00a0<img loading=\"lazy\" decoding=\"async\" class=\"aligncenter wp-image-3661 \" src=\"https:\/\/biovis.com.br\/wp-content\/uploads\/2023\/04\/acabamento-toalheiro-quadra.jpg\" alt=\"\" width=\"594\" height=\"317\" srcset=\"https:\/\/biovis.com.br\/wp-content\/uploads\/2023\/04\/acabamento-toalheiro-quadra.jpg 1035w, https:\/\/biovis.com.br\/wp-content\/uploads\/2023\/04\/acabamento-toalheiro-quadra-300x160.jpg 300w, https:\/\/biovis.com.br\/wp-content\/uploads\/2023\/04\/acabamento-toalheiro-quadra-1024x546.jpg 1024w, https:\/\/biovis.com.br\/wp-content\/uploads\/2023\/04\/acabamento-toalheiro-quadra-768x410.jpg 768w, https:\/\/biovis.com.br\/wp-content\/uploads\/2023\/04\/acabamento-toalheiro-quadra-64x34.jpg 64w\" sizes=\"auto, (max-width: 594px) 100vw, 594px\" \/><\/p>\n<p style=\"text-align: center;\">Para mais informa\u00e7\u00f5es, consulte o <a href=\"https:\/\/biovis.com.br\/wp-content\/uploads\/2025\/08\/Manual-Biovis-Toalheiro-Quadra-040825.pdf\" target=\"_blank\" rel=\"noopener\">Manual de Instru\u00e7\u00f5es do Toalheiro Quadra<\/a><\/p>\n<p>&nbsp;<\/p>\n","protected":false},"excerpt":{"rendered":"<p>Dispenser em a\u00e7o inox para papel toalha interfolhado. Possui chave\/fechadura met\u00e1lica anti-furto e visor de n\u00edvel. Compacto e resistente, o Toalheiro Quadra est\u00e1 dispon\u00edvel nas op\u00e7\u00f5es polido ou escovado. Confira tamb\u00e9m o <a href=\"https:\/\/biovis.com.br\/produto\/caicai-quadra\/\" target=\"_blank\" rel=\"noopener\">Caicai Quadra.<\/a><\/p>\n<p>Seja um revendedor e solicite aqui seu or\u00e7amento:<br \/>\n<strong>[maxbutton id=\"18\"]<\/strong><\/p>\n<p>Ou fale com um vendedor para mais informa\u00e7\u00f5es:<strong><br \/>\n[maxbutton id=\"51\"]<\/strong><\/p>\n<p>&nbsp;<\/p>\n","protected":false},"featured_media":3835,"template":"","meta":{"_joinchat":[]},"product_brand":[],"product_cat":[20,40,290,278,19],"product_tag":[288],"class_list":{"0":"post-3534","1":"product","2":"type-product","3":"status-publish","4":"has-post-thumbnail","6":"product_cat-toalheiros-aco-inox","7":"product_cat-interfolha","8":"product_cat-linha-quadra","9":"product_cat-produtos-em-aco-inox","10":"product_cat-toalheiros","11":"product_tag-linha-quadra","13":"first","14":"instock","15":"shipping-taxable","16":"product-type-simple"},"aioseo_notices":[],"_links":{"self":[{"href":"https:\/\/biovis.com.br\/es\/wp-json\/wp\/v2\/product\/3534","targetHints":{"allow":["GET"]}}],"collection":[{"href":"https:\/\/biovis.com.br\/es\/wp-json\/wp\/v2\/product"}],"about":[{"href":"https:\/\/biovis.com.br\/es\/wp-json\/wp\/v2\/types\/product"}],"wp:featuredmedia":[{"embeddable":true,"href":"https:\/\/biovis.com.br\/es\/wp-json\/wp\/v2\/media\/3835"}],"wp:attachment":[{"href":"https:\/\/biovis.com.br\/es\/wp-json\/wp\/v2\/media?parent=3534"}],"wp:term":[{"taxonomy":"product_brand","embeddable":true,"href":"https:\/\/biovis.com.br\/es\/wp-json\/wp\/v2\/product_brand?post=3534"},{"taxonomy":"product_cat","embeddable":true,"href":"https:\/\/biovis.com.br\/es\/wp-json\/wp\/v2\/product_cat?post=3534"},{"taxonomy":"product_tag","embeddable":true,"href":"https:\/\/biovis.com.br\/es\/wp-json\/wp\/v2\/product_tag?post=3534"}],"curies":[{"name":"wp","href":"https:\/\/api.w.org\/{rel}","templated":true}]}}