{"id":2281,"date":"2020-02-11T17:47:13","date_gmt":"2020-02-11T20:47:13","guid":{"rendered":"http:\/\/biovis.com.br\/?post_type=product&#038;p=2281"},"modified":"2023-06-23T15:31:13","modified_gmt":"2023-06-23T18:31:13","slug":"secador-de-maos-aires","status":"publish","type":"product","link":"https:\/\/biovis.com.br\/es\/produto\/secador-de-maos-aires\/","title":{"rendered":"Secador de manos AIRES"},"content":{"rendered":"<p>Codigos: 002382 (127V) \/ 002383 (220V)<br \/>\nDimensiones: 22,5&#215;28,2&#215;16,0cm<br \/>\nPeso neto: 2,400kg<br \/>\nMateria prima: Plastico ABS<br \/>\nPotencia: 1500W<br \/>\nRotaci\u00f3n: 2600rpm<br \/>\nFlujo de aire: 20l\/s o 72m\u00b3\/h<br \/>\nVelocidad de aire: 10m\/s<br \/>\nFrecuencia: 60Hz<br \/>\nRuido: 40dB<br \/>\nTemperatura del aire: 45\u00baC<br \/>\nConsumo: 6,8A<br \/>\nTiempo de secado: hasta 20s<br \/>\nDistancia de deteccion: hasta 15cm<br \/>\n\u00cdndice de protecci\u00f3n: IPX1<br \/>\nGarant\u00eda: 12 meses contra defectos de fabricaci\u00f3n<br \/>\nNCM: 8516.33.00<\/p>\n","protected":false},"excerpt":{"rendered":"<p>El secador de manos Aires es compacto pero muy eficiente!<\/p>\n<p>Secador de manos autom\u00e1tico accionado por sensor de presencia. Pr\u00e1ctico, econ\u00f3mico, sostenible y a\u00fan hace que el ba\u00f1o est\u00e9 m\u00e1s limpio y organizado. Con opci\u00f3n \u00fanica de aire caliente.<\/p>\n<p>Todos los secadores de manos Biovis tienen el sello de conformidad INMETRO 371\/2009.<\/p>\n<p><strong>[maxbutton id=\"18\"]<\/strong><\/p>\n<p>&nbsp;<\/p>\n","protected":false},"featured_media":2282,"template":"","meta":{"_joinchat":[]},"product_brand":[],"product_cat":[34,17],"product_tag":[56,55],"class_list":{"0":"post-2281","1":"product","2":"type-product","3":"status-publish","4":"has-post-thumbnail","6":"product_cat-plastico","7":"product_cat-secadores-de-maos","8":"product_tag-secador-de-maos-automatico","9":"product_tag-secador-de-maos","11":"first","12":"instock","13":"shipping-taxable","14":"product-type-simple"},"aioseo_notices":[],"_links":{"self":[{"href":"https:\/\/biovis.com.br\/es\/wp-json\/wp\/v2\/product\/2281","targetHints":{"allow":["GET"]}}],"collection":[{"href":"https:\/\/biovis.com.br\/es\/wp-json\/wp\/v2\/product"}],"about":[{"href":"https:\/\/biovis.com.br\/es\/wp-json\/wp\/v2\/types\/product"}],"wp:featuredmedia":[{"embeddable":true,"href":"https:\/\/biovis.com.br\/es\/wp-json\/wp\/v2\/media\/2282"}],"wp:attachment":[{"href":"https:\/\/biovis.com.br\/es\/wp-json\/wp\/v2\/media?parent=2281"}],"wp:term":[{"taxonomy":"product_brand","embeddable":true,"href":"https:\/\/biovis.com.br\/es\/wp-json\/wp\/v2\/product_brand?post=2281"},{"taxonomy":"product_cat","embeddable":true,"href":"https:\/\/biovis.com.br\/es\/wp-json\/wp\/v2\/product_cat?post=2281"},{"taxonomy":"product_tag","embeddable":true,"href":"https:\/\/biovis.com.br\/es\/wp-json\/wp\/v2\/product_tag?post=2281"}],"curies":[{"name":"wp","href":"https:\/\/api.w.org\/{rel}","templated":true}]}}