{"id":4075,"date":"2024-11-11T11:22:56","date_gmt":"2024-11-11T14:22:56","guid":{"rendered":"https:\/\/biovis.com.br\/?page_id=4075"},"modified":"2024-11-11T15:45:57","modified_gmt":"2024-11-11T18:45:57","slug":"sustentabilidade","status":"publish","type":"page","link":"https:\/\/biovis.com.br\/es\/sustentabilidade\/","title":{"rendered":"Sustentabilidade"},"content":{"rendered":"<p><a href=\"https:\/\/biovis.com.br\/wp-content\/uploads\/2024\/11\/relatorio-de-sustentabilidade-Biovis-081124.pdf\" target=\"_blank\" rel=\"noopener\"><img loading=\"lazy\" decoding=\"async\" class=\"alignleft wp-image-4076\" src=\"https:\/\/biovis.com.br\/wp-content\/uploads\/2024\/11\/relatorio-de-sustentabilidade-capa.jpg\" alt=\"\" width=\"500\" height=\"353\" srcset=\"https:\/\/biovis.com.br\/wp-content\/uploads\/2024\/11\/relatorio-de-sustentabilidade-capa.jpg 842w, https:\/\/biovis.com.br\/wp-content\/uploads\/2024\/11\/relatorio-de-sustentabilidade-capa-300x212.jpg 300w, https:\/\/biovis.com.br\/wp-content\/uploads\/2024\/11\/relatorio-de-sustentabilidade-capa-768x543.jpg 768w, https:\/\/biovis.com.br\/wp-content\/uploads\/2024\/11\/relatorio-de-sustentabilidade-capa-64x45.jpg 64w\" sizes=\"auto, (max-width: 500px) 100vw, 500px\" \/><\/a><\/p>\n<p>&nbsp;<\/p>\n<h3><strong>Relat\u00f3rio de Sustentabilidade 2024<\/strong><\/h3>\n<p>Com foco em crit\u00e9rios que v\u00e3o al\u00e9m do lucro financeiro, o programa ESG reflete o compromisso da empresa com o desenvolvimento sustent\u00e1vel, o bem-estar social e uma\u00a0 governan\u00e7a \u00e9tica e transparente, fundamentais para enfrentar os desafios globais e atender \u00e0s expectativas de stakeholders cada vez mais conscientes.<\/p>\n<p><strong><a class=\"maxbutton-53 maxbutton maxbutton-baixar-relatorio-de-sustentabilidade\" target=\"_blank\" rel=\"noopener\" href=\"https:\/\/biovis.com.br\/wp-content\/uploads\/2024\/11\/relatorio-de-sustentabilidade-Biovis-081124.pdf\"><span class='mb-text'>BAIXAR O RELAT\u00d3RIO<\/span><\/a><\/strong><\/p>\n","protected":false},"excerpt":{"rendered":"<p>&nbsp; Relat\u00f3rio de Sustentabilidade 2024 Com foco em crit\u00e9rios que v\u00e3o al\u00e9m do lucro financeiro, o programa ESG reflete o compromisso da empresa com o desenvolvimento sustent\u00e1vel, o bem-estar social e uma\u00a0 governan\u00e7a \u00e9tica e transparente, fundamentais para enfrentar os desafios globais e atender \u00e0s expectativas de stakeholders cada vez mais conscientes.<\/p>\n","protected":false},"author":2,"featured_media":0,"parent":0,"menu_order":0,"comment_status":"closed","ping_status":"closed","template":"","meta":{"_joinchat":[],"footnotes":""},"class_list":["post-4075","page","type-page","status-publish","hentry"],"aioseo_notices":[],"_links":{"self":[{"href":"https:\/\/biovis.com.br\/es\/wp-json\/wp\/v2\/pages\/4075","targetHints":{"allow":["GET"]}}],"collection":[{"href":"https:\/\/biovis.com.br\/es\/wp-json\/wp\/v2\/pages"}],"about":[{"href":"https:\/\/biovis.com.br\/es\/wp-json\/wp\/v2\/types\/page"}],"author":[{"embeddable":true,"href":"https:\/\/biovis.com.br\/es\/wp-json\/wp\/v2\/users\/2"}],"replies":[{"embeddable":true,"href":"https:\/\/biovis.com.br\/es\/wp-json\/wp\/v2\/comments?post=4075"}],"version-history":[{"count":6,"href":"https:\/\/biovis.com.br\/es\/wp-json\/wp\/v2\/pages\/4075\/revisions"}],"predecessor-version":[{"id":4079,"href":"https:\/\/biovis.com.br\/es\/wp-json\/wp\/v2\/pages\/4075\/revisions\/4079"}],"wp:attachment":[{"href":"https:\/\/biovis.com.br\/es\/wp-json\/wp\/v2\/media?parent=4075"}],"curies":[{"name":"wp","href":"https:\/\/api.w.org\/{rel}","templated":true}]}}