{"id":2898,"date":"2021-07-23T10:24:35","date_gmt":"2021-07-23T13:24:35","guid":{"rendered":"http:\/\/biovis.com.br\/?page_id=2898"},"modified":"2021-08-17T16:15:16","modified_gmt":"2021-08-17T19:15:16","slug":"higiexpo-2021-brindes","status":"publish","type":"page","link":"https:\/\/biovis.com.br\/es\/higiexpo-2021-brindes\/","title":{"rendered":"Brinde Higiexpo 2021"},"content":{"rendered":"<h3 style=\"text-align: center;\"><a href=\"http:\/\/biovis.com.br\/wp-content\/uploads\/2021\/07\/landing-page-brinde-higiexpo.png\" target=\"_blank\" rel=\"noopener\"><img loading=\"lazy\" decoding=\"async\" class=\"aligncenter wp-image-2902\" src=\"http:\/\/biovis.com.br\/wp-content\/uploads\/2021\/07\/landing-page-brinde-higiexpo.png\" alt=\"\" width=\"1080\" height=\"324\" \/><\/a><\/h3>\n<h3 style=\"text-align: center;\"><span style=\"color: #000000;\"><br \/>\nClientes especiais ganham um brinde especial!*<\/span><\/h3>\n<p style=\"text-align: center;\">Nesta edi\u00e7\u00e3o da <a href=\"https:\/\/www.higiexpo.com.br\/\" target=\"_blank\" rel=\"noopener\">Higiexpo<\/a>, preparamos um brinde especial para nossos visitantes e clientes.<\/p>\n<p style=\"text-align: center;\">Ao fechar um pedido conosco, voc\u00ea <a href=\"http:\/\/biovis.com.br\/produto\/bioclean\/\" target=\"_blank\" rel=\"noopener\">GANHA UM BIOCLEAN<\/a>, nosso mais recente lan\u00e7amento.<\/p>\n<p style=\"text-align: center;\">Entre em contato conosco e garanta o seu brinde!<\/p>\n<p style=\"text-align: center;\"><em>. . . . . .<br \/>\n*V\u00e1lido somente para visitantes que efetuarem uma compra durante a feira.<br \/>\nO brinde ser\u00e1 enviado junto com os produtos adquiridos.<\/em><\/p>\n<p>&nbsp;<\/p>\n<p style=\"text-align: center;\"><a href=\"http:\/\/biovis.com.br\/wp-content\/uploads\/2021\/08\/catalogo-virtual-biovis-2021.pdf\" target=\"_blank\" rel=\"noopener\"><img loading=\"lazy\" decoding=\"async\" class=\"aligncenter wp-image-3125\" src=\"http:\/\/biovis.com.br\/wp-content\/uploads\/2021\/08\/baixe-o-catalogo-2-300x116.png\" alt=\"\" width=\"517\" height=\"200\" \/><\/a><\/p>\n<p>&nbsp;<\/p>\n<p style=\"text-align: center;\">Estamos \u00e0 disposi\u00e7\u00e3o na\u00a0Higiexpo Digital para esclarecer todas as suas d\u00favidas:<\/p>\n<p style=\"text-align: center;\"><strong><a class=\"maxbutton-48 maxbutton maxbutton-entre-em-contato-higiexpo\" target=\"_blank\" title=\"Envie-nos uma mensagem\" rel=\"noopener\" href=\"http:\/\/biovis.com.br\/entre-em-contato\/\"><span class='mb-text'>FALE CONOSCO<\/span><\/a><\/strong><br \/>\n<strong>(44)3523-7884 \/ 99973-0029<br \/>\natendimento@biovis.com.br<\/strong><\/p>\n<p style=\"text-align: center;\"><a href=\"http:\/\/biovis.com.br\/revendas\/\" target=\"_blank\" rel=\"noopener\">Seja um revendedor Biovis e solicite um or\u00e7amento.<\/a><strong><br \/>\n<\/strong><\/p>\n<h4 style=\"text-align: center;\">Muito obrigada por sua visita!<\/h4>\n<p>&nbsp;<\/p>\n<hr \/>\n<p style=\"text-align: center;\"><span style=\"color: #6cca98;\"><a style=\"color: #6cca98;\" href=\"http:\/\/biovis.com.br\/categoria-produto\/saboneteiras\/\" target=\"_blank\" rel=\"noopener\">SABONETEIRAS<\/a>\u00a0 \u00a0 \u00a0&#8211;\u00a0 \u00a0 \u00a0<a style=\"color: #6cca98;\" href=\"http:\/\/biovis.com.br\/categoria-produto\/toalheiros\/\" target=\"_blank\" rel=\"noopener\">TOALHEIROS<\/a>\u00a0 \u00a0 \u00a0&#8211;\u00a0 \u00a0 \u00a0<a style=\"color: #6cca98;\" href=\"http:\/\/biovis.com.br\/categoria-produto\/secadores-de-maos\/\" target=\"_blank\" rel=\"noopener\">SECADORES DE M\u00c3OS<\/a>\u00a0 \u00a0 \u00a0&#8211;\u00a0 \u00a0 \u00a0<a style=\"color: #6cca98;\" href=\"http:\/\/biovis.com.br\/categoria-produto\/lixeira\/\" target=\"_blank\" rel=\"noopener\">LIXEIRAS<\/a><\/span><\/p>\n<p>&nbsp;<\/p>\n","protected":false},"excerpt":{"rendered":"<p>Clientes especiais ganham um brinde especial!* Nesta edi\u00e7\u00e3o da Higiexpo, preparamos um brinde especial para nossos visitantes e clientes. Ao fechar um pedido conosco, voc\u00ea GANHA UM BIOCLEAN, nosso mais recente lan\u00e7amento. Entre em contato conosco e garanta o seu brinde! . . . . . . *V\u00e1lido somente para visitantes que efetuarem uma compra [&hellip;]<\/p>\n","protected":false},"author":2,"featured_media":0,"parent":0,"menu_order":0,"comment_status":"closed","ping_status":"closed","template":"","meta":{"_joinchat":[],"footnotes":""},"class_list":["post-2898","page","type-page","status-publish","hentry"],"aioseo_notices":[],"_links":{"self":[{"href":"https:\/\/biovis.com.br\/es\/wp-json\/wp\/v2\/pages\/2898","targetHints":{"allow":["GET"]}}],"collection":[{"href":"https:\/\/biovis.com.br\/es\/wp-json\/wp\/v2\/pages"}],"about":[{"href":"https:\/\/biovis.com.br\/es\/wp-json\/wp\/v2\/types\/page"}],"author":[{"embeddable":true,"href":"https:\/\/biovis.com.br\/es\/wp-json\/wp\/v2\/users\/2"}],"replies":[{"embeddable":true,"href":"https:\/\/biovis.com.br\/es\/wp-json\/wp\/v2\/comments?post=2898"}],"version-history":[{"count":40,"href":"https:\/\/biovis.com.br\/es\/wp-json\/wp\/v2\/pages\/2898\/revisions"}],"predecessor-version":[{"id":3128,"href":"https:\/\/biovis.com.br\/es\/wp-json\/wp\/v2\/pages\/2898\/revisions\/3128"}],"wp:attachment":[{"href":"https:\/\/biovis.com.br\/es\/wp-json\/wp\/v2\/media?parent=2898"}],"curies":[{"name":"wp","href":"https:\/\/api.w.org\/{rel}","templated":true}]}}