{"id":2,"date":"2018-10-04T10:46:31","date_gmt":"2018-10-04T13:46:31","guid":{"rendered":"http:\/\/www.paessolucoes.com\/biovis\/?page_id=2"},"modified":"2024-11-12T09:44:21","modified_gmt":"2024-11-12T12:44:21","slug":"sobre-nos","status":"publish","type":"page","link":"https:\/\/biovis.com.br\/es\/sobre-nos\/","title":{"rendered":"Quienes somos"},"content":{"rendered":"<div class=\"post-content\">\n<div class=\"entry-content\">\n<p><span class=\"notranslate\"><strong>NUESTRA HISTORIA<\/strong><\/span><\/p>\n<p><span class=\"notranslate\"> Biovis es una empresa fabricante de equipos de higiene y limpieza institucional, situada en Campo Mour\u00e3o, en Paran\u00e1.<\/span><\/p>\n<p><span class=\"notranslate\"> Fundada en 2003, tuvo el apoyo inicial de la Fundaci\u00f3n Educere, una incubadora de empresas que ofreci\u00f3 espacio para la administraci\u00f3n y estructura para el desarrollo de su primer producto.<\/span> <span class=\"notranslate\"> Biovis fue una de las primeras empresas incubadas, y tuvo su g\u00e9nesis al buscar la innovaci\u00f3n en el \u00e1rea de higiene y limpieza \u2013 un nicho de mercado altamente competitivo, pero que todav\u00eda carece de equipos que unen calidad, funcionalidad y econom\u00eda.<\/span><\/p>\n<p><span class=\"notranslate\"> Despu\u00e9s de 9 meses de incubaci\u00f3n, Biovis se afirm\u00f3 en el mercado.<\/span> <span class=\"notranslate\"> Hoy en d\u00eda est\u00e1 instalada en su propia cuenta, cuenta con m\u00e1s de 50 productos en su cat\u00e1logo y 400 puntos de reventa en todo Brasil.<\/span><\/p>\n<p><span class=\"notranslate\"> <strong>GESTI\u00d3N ESTRAT\u00c9GICA<\/strong><\/span><\/p>\n<p><span class=\"notranslate\"> Biovis tiene como pol\u00edtica de calidad ofrecer para el mercado de higiene y limpieza institucional, excelencia en la atenci\u00f3n y equipamientos diferenciados, buscando constantemente la mejora de los productos, procesos y personas involucradas.<\/span><\/p>\n<p><span class=\"notranslate\"> <strong>NUESTRA MISI\u00d3N<\/strong><\/span><\/p>\n<p><span class=\"notranslate\"> Proporcionar equipos innovadores para el mercado de higiene y limpieza institucional.<\/span><\/p>\n<p><span class=\"notranslate\"> <strong>NUESTRA VISI\u00d3N<\/strong><\/span><\/p>\n<p><span class=\"notranslate\"> Ser una empresa pr\u00f3spera y reconocida por ofrecer equipos con calidad e innovaci\u00f3n, y por demostrar cuidado con sus clientes y colaboradores.<\/span><\/p>\n<p><span class=\"notranslate\"> <strong>NUESTROS VALORES<\/strong><\/span><\/p>\n<ul>\n<li><span class=\"notranslate\"> la prosperidad;<\/span><\/li>\n<li><span class=\"notranslate\"> la calidad;<\/span><\/li>\n<li><span class=\"notranslate\"> profesionalismo;<\/span><\/li>\n<li><span class=\"notranslate\"> Senso de Justicia;<\/span><\/li>\n<li><span class=\"notranslate\"> responsabilidad;<\/span><\/li>\n<li><span class=\"notranslate\"> transparencia;<\/span><\/li>\n<li><span class=\"notranslate\"> respeto<\/span><\/li>\n<\/ul>\n<\/div>\n<\/div>\n<\/article>\n","protected":false},"excerpt":{"rendered":"<p>NUESTRA HISTORIA Biovis es una empresa fabricante de equipos de higiene y limpieza institucional, situada en Campo Mour\u00e3o, en Paran\u00e1. Fundada en 2003, tuvo el apoyo inicial de la Fundaci\u00f3n Educere, una incubadora de empresas que ofreci\u00f3 espacio para la administraci\u00f3n y estructura para el desarrollo de su primer producto. Biovis fue una de las [&hellip;]<\/p>\n","protected":false},"author":1,"featured_media":0,"parent":0,"menu_order":0,"comment_status":"closed","ping_status":"closed","template":"","meta":{"_joinchat":[],"footnotes":""},"class_list":["post-2","page","type-page","status-publish","hentry"],"aioseo_notices":[],"_links":{"self":[{"href":"https:\/\/biovis.com.br\/es\/wp-json\/wp\/v2\/pages\/2","targetHints":{"allow":["GET"]}}],"collection":[{"href":"https:\/\/biovis.com.br\/es\/wp-json\/wp\/v2\/pages"}],"about":[{"href":"https:\/\/biovis.com.br\/es\/wp-json\/wp\/v2\/types\/page"}],"author":[{"embeddable":true,"href":"https:\/\/biovis.com.br\/es\/wp-json\/wp\/v2\/users\/1"}],"replies":[{"embeddable":true,"href":"https:\/\/biovis.com.br\/es\/wp-json\/wp\/v2\/comments?post=2"}],"version-history":[{"count":38,"href":"https:\/\/biovis.com.br\/es\/wp-json\/wp\/v2\/pages\/2\/revisions"}],"predecessor-version":[{"id":2545,"href":"https:\/\/biovis.com.br\/es\/wp-json\/wp\/v2\/pages\/2\/revisions\/2545"}],"wp:attachment":[{"href":"https:\/\/biovis.com.br\/es\/wp-json\/wp\/v2\/media?parent=2"}],"curies":[{"name":"wp","href":"https:\/\/api.w.org\/{rel}","templated":true}]}}