{"id":1488,"date":"2019-06-14T10:33:00","date_gmt":"2019-06-14T13:33:00","guid":{"rendered":"https:\/\/biovis.paessolucoes.com\/pt\/?page_id=1488"},"modified":"2026-03-02T15:50:04","modified_gmt":"2026-03-02T18:50:04","slug":"downloads","status":"publish","type":"page","link":"https:\/\/biovis.com.br\/es\/downloads\/","title":{"rendered":"Downloads"},"content":{"rendered":"<p><a href=\"https:\/\/biovis.com.br\/wp-content\/uploads\/2023\/01\/catalogo-biovis-virtual-rev2401232.pdf\" target=\"_blank\" rel=\"noopener\"><img loading=\"lazy\" decoding=\"async\" class=\"aligncenter wp-image-3350\" src=\"http:\/\/biovis.com.br\/wp-content\/uploads\/2022\/04\/catalogo-esp-300x116.jpg\" alt=\"\" width=\"530\" height=\"205\" \/><\/a><\/p>\n<p>ETIQUETAS ADESIVAS:<\/p>\n<ul>\n<li><a href=\"http:\/\/biovis.com.br\/wp-content\/uploads\/2020\/08\/Etiqueta-Lixeira-Sensor.pdf\" target=\"_blank\" rel=\"noopener\">Etiqueta Lixeira Sensor<\/a><\/li>\n<li><a href=\"http:\/\/biovis.com.br\/wp-content\/uploads\/2020\/08\/Etiqueta-Saboneteira-Sensor.pdf\" target=\"_blank\" rel=\"noopener\">Etiqueta Saboneteira Sensor<\/a><\/li>\n<li><a href=\"http:\/\/biovis.com.br\/wp-content\/uploads\/2020\/02\/Etiquetas-para-separa%C3%A7%C3%A3o-de-lixo-Biovis.pdf\" target=\"_blank\" rel=\"noopener\">Etiquetas para separa\u00e7\u00e3o de lixo<\/a><\/li>\n<li><a href=\"http:\/\/biovis.com.br\/wp-content\/uploads\/2020\/08\/Etiquetas-Aqua.pdf\" target=\"_blank\" rel=\"noopener\">Etiquetas Aqua<\/a><\/li>\n<li><a href=\"http:\/\/biovis.com.br\/wp-content\/uploads\/2020\/08\/Como-utilizar-o-secador-de-m%C3%A3os.pdf\" target=\"_blank\" rel=\"noopener\">Como utilizar o secador de m\u00e3os<\/a><\/li>\n<li><a href=\"http:\/\/biovis.com.br\/wp-content\/uploads\/2020\/09\/Lave-as-m%C3%A3os-Biovis.pdf\" target=\"_blank\" rel=\"noopener\">Prevenir \u00e9 o melhor rem\u00e9dio<\/a><\/li>\n<\/ul>\n<p>&nbsp;<\/p>\n<p>GUIAS:<\/p>\n<ul>\n<li><a href=\"http:\/\/biovis.com.br\/wp-content\/uploads\/2020\/02\/Guia-de-Higieniza\u00e7\u00e3o-das-M\u00e3os.pdf\">Guia de Higieniza\u00e7\u00e3o das M\u00e3os<\/a><\/li>\n<li><a href=\"http:\/\/biovis.com.br\/wp-content\/uploads\/2020\/02\/Como-usar-o-Toalheiro-Autocorte-Noble.pdf\">Como utilizar o Toalheiro Autocorte Noble<\/a><\/li>\n<li><a href=\"http:\/\/biovis.com.br\/wp-content\/uploads\/2020\/04\/Covid-19-Recomendac\u0327o\u0303es-Atendimento-de-Urge\u0302ncia-Odontolo\u0301gica.pdf\">Covid 19 &#8211; Recomendac\u0327o\u0303es Atendimento de Urge\u0302ncia Odontolo\u0301gica<\/a><\/li>\n<li><a href=\"http:\/\/biovis.com.br\/wp-content\/uploads\/2020\/05\/recomenda\u00e7\u00f5es-covid-19.pdf\">Avisos de seguran\u00e7a Covid-19<\/a><\/li>\n<\/ul>\n<p>&nbsp;<\/p>\n<p>&nbsp;<\/p>\n<p>&nbsp;<\/p>\n","protected":false},"excerpt":{"rendered":"<p>ETIQUETAS ADESIVAS: Etiqueta Lixeira Sensor Etiqueta Saboneteira Sensor Etiquetas para separa\u00e7\u00e3o de lixo Etiquetas Aqua Como utilizar o secador de m\u00e3os Prevenir \u00e9 o melhor rem\u00e9dio &nbsp; GUIAS: Guia de Higieniza\u00e7\u00e3o das M\u00e3os Como utilizar o Toalheiro Autocorte Noble Covid 19 &#8211; Recomendac\u0327o\u0303es Atendimento de Urge\u0302ncia Odontolo\u0301gica Avisos de seguran\u00e7a Covid-19 &nbsp; &nbsp; &nbsp;<\/p>\n","protected":false},"author":1,"featured_media":0,"parent":0,"menu_order":0,"comment_status":"closed","ping_status":"closed","template":"","meta":{"_joinchat":[],"footnotes":""},"class_list":["post-1488","page","type-page","status-publish","hentry"],"aioseo_notices":[],"_links":{"self":[{"href":"https:\/\/biovis.com.br\/es\/wp-json\/wp\/v2\/pages\/1488","targetHints":{"allow":["GET"]}}],"collection":[{"href":"https:\/\/biovis.com.br\/es\/wp-json\/wp\/v2\/pages"}],"about":[{"href":"https:\/\/biovis.com.br\/es\/wp-json\/wp\/v2\/types\/page"}],"author":[{"embeddable":true,"href":"https:\/\/biovis.com.br\/es\/wp-json\/wp\/v2\/users\/1"}],"replies":[{"embeddable":true,"href":"https:\/\/biovis.com.br\/es\/wp-json\/wp\/v2\/comments?post=1488"}],"version-history":[{"count":87,"href":"https:\/\/biovis.com.br\/es\/wp-json\/wp\/v2\/pages\/1488\/revisions"}],"predecessor-version":[{"id":2290,"href":"https:\/\/biovis.com.br\/es\/wp-json\/wp\/v2\/pages\/1488\/revisions\/2290"}],"wp:attachment":[{"href":"https:\/\/biovis.com.br\/es\/wp-json\/wp\/v2\/media?parent=1488"}],"curies":[{"name":"wp","href":"https:\/\/api.w.org\/{rel}","templated":true}]}}