{"id":4375,"date":"2026-02-24T15:46:18","date_gmt":"2026-02-24T18:46:18","guid":{"rendered":"https:\/\/biovis.com.br\/?post_type=product&#038;p=4375"},"modified":"2026-02-27T19:22:42","modified_gmt":"2026-02-27T22:22:42","slug":"mini-toalheiro-quadra-dourado","status":"publish","type":"product","link":"https:\/\/biovis.com.br\/en\/produto\/mini-toalheiro-quadra-dourado\/","title":{"rendered":"Mini Toalheiro Quadra Dourado"},"content":{"rendered":"<p>C\u00f3digo: 006406<br \/>\nDimens\u00f5es:14,0 x 22,5 x 11,0 cm (AxLxP)<br \/>\nPeso l\u00edquido: 0,700kg<br \/>\nMat\u00e9ria prima: A\u00e7o com pintura eletrost\u00e1tica na cor dourada<br \/>\nCapacidade: at\u00e9 250 folhas (2 dobras)<br \/>\nSa\u00edda do papel: 19,5 x 5,5 cm<br \/>\nEmbalagem individual: caixa em papel microondulado<br \/>\nGarantia: 3 meses legais, contra defeitos de fabrica\u00e7\u00e3o<br \/>\nAcompanha: 2 chaves, 2 parafusos e 2 buchas para instala\u00e7\u00e3o<br \/>\nNCM: 7306.11.00<br \/>\nEAN-13: 7898599163601<\/p>\n<p><img loading=\"lazy\" decoding=\"async\" class=\"alignnone wp-image-4266 size-full\" src=\"https:\/\/biovis.com.br\/wp-content\/uploads\/2025\/03\/Mini-Toalheiro-Quadra-medidas.jpg\" alt=\"\" width=\"750\" height=\"210\" srcset=\"https:\/\/biovis.com.br\/wp-content\/uploads\/2025\/03\/Mini-Toalheiro-Quadra-medidas.jpg 750w, https:\/\/biovis.com.br\/wp-content\/uploads\/2025\/03\/Mini-Toalheiro-Quadra-medidas-300x84.jpg 300w, https:\/\/biovis.com.br\/wp-content\/uploads\/2025\/03\/Mini-Toalheiro-Quadra-medidas-64x18.jpg 64w\" sizes=\"auto, (max-width: 750px) 100vw, 750px\" \/><\/p>\n","protected":false},"excerpt":{"rendered":"<p>Mini dispenser para papel toalha interfolhado. Possui chave\/fechadura met\u00e1lica anti-furto e visor de n\u00edvel. Compacto e resistente. Confira todos os itens da <a href=\"https:\/\/biovis.com.br\/produto-tag\/linha-dourada\">linha Dourada<\/a>.<\/p>\n<p>Seja um revendedor e solicite aqui seu or\u00e7amento:<br \/>\n<strong>[maxbutton id=\"18\"]<\/strong><\/p>\n<p>Ou fale com um vendedor para mais informa\u00e7\u00f5es:<strong><br \/>\n[maxbutton id=\"51\"]<\/strong><\/p>\n<p>&nbsp;<\/p>\n","protected":false},"featured_media":4403,"template":"","meta":{"_joinchat":[]},"product_brand":[],"product_cat":[297,19],"product_tag":[296],"class_list":{"0":"post-4375","1":"product","2":"type-product","3":"status-publish","4":"has-post-thumbnail","6":"product_cat-dourado","7":"product_cat-toalheiros","8":"product_tag-linha-dourada","10":"first","11":"instock","12":"shipping-taxable","13":"product-type-simple"},"aioseo_notices":[],"_links":{"self":[{"href":"https:\/\/biovis.com.br\/en\/wp-json\/wp\/v2\/product\/4375","targetHints":{"allow":["GET"]}}],"collection":[{"href":"https:\/\/biovis.com.br\/en\/wp-json\/wp\/v2\/product"}],"about":[{"href":"https:\/\/biovis.com.br\/en\/wp-json\/wp\/v2\/types\/product"}],"wp:featuredmedia":[{"embeddable":true,"href":"https:\/\/biovis.com.br\/en\/wp-json\/wp\/v2\/media\/4403"}],"wp:attachment":[{"href":"https:\/\/biovis.com.br\/en\/wp-json\/wp\/v2\/media?parent=4375"}],"wp:term":[{"taxonomy":"product_brand","embeddable":true,"href":"https:\/\/biovis.com.br\/en\/wp-json\/wp\/v2\/product_brand?post=4375"},{"taxonomy":"product_cat","embeddable":true,"href":"https:\/\/biovis.com.br\/en\/wp-json\/wp\/v2\/product_cat?post=4375"},{"taxonomy":"product_tag","embeddable":true,"href":"https:\/\/biovis.com.br\/en\/wp-json\/wp\/v2\/product_tag?post=4375"}],"curies":[{"name":"wp","href":"https:\/\/api.w.org\/{rel}","templated":true}]}}