{"id":4372,"date":"2026-02-24T15:29:45","date_gmt":"2026-02-24T18:29:45","guid":{"rendered":"https:\/\/biovis.com.br\/?post_type=product&#038;p=4372"},"modified":"2026-03-02T10:30:00","modified_gmt":"2026-03-02T13:30:00","slug":"saboneteira-slim-dourada","status":"publish","type":"product","link":"https:\/\/biovis.com.br\/en\/produto\/saboneteira-slim-dourada\/","title":{"rendered":"Saboneteira Slim Dourada"},"content":{"rendered":"<p>C\u00f3digo: 006409<br \/>\nDimens\u00f5es: 23,5 x 11,0 x 8,5 cm (AxLxP)<br \/>\nPeso l\u00edquido: 0,755kg<br \/>\nMat\u00e9ria prima: A\u00e7o inox com pintura eletrost\u00e1tica na cor dourada<br \/>\nCapacidade: 800ml<br \/>\nVolume dispensado: 0,8ml<br \/>\nEmbalagem individual: caixa de papel microondulado<br \/>\nAcompanha: reservat\u00f3rio com v\u00e1lvula, parafusos e buchas para fixa\u00e7\u00e3o<br \/>\nGarantia: 3 meses legais, contra defeitos de fabrica\u00e7\u00e3o<br \/>\nNCM: 7324.90.00<br \/>\nEAN-13: 7898599163613<\/p>\n<p><strong>IMPORTANTE:<\/strong><br \/>\nRecomendamos realizar a limpeza do equipamento pelo menos 1 vez ao m\u00eas, para conservar e manter o bom funcionamento da mesma.<\/p>\n<p><img loading=\"lazy\" decoding=\"async\" class=\"wp-image-3621 size-full alignleft\" src=\"https:\/\/biovis.com.br\/wp-content\/uploads\/2019\/01\/saboneteira-slim-noble-medidas.jpg\" alt=\"\" width=\"706\" height=\"248\" srcset=\"https:\/\/biovis.com.br\/wp-content\/uploads\/2019\/01\/saboneteira-slim-noble-medidas.jpg 706w, https:\/\/biovis.com.br\/wp-content\/uploads\/2019\/01\/saboneteira-slim-noble-medidas-300x105.jpg 300w, https:\/\/biovis.com.br\/wp-content\/uploads\/2019\/01\/saboneteira-slim-noble-medidas-64x22.jpg 64w\" sizes=\"auto, (max-width: 706px) 100vw, 706px\" \/><\/p>\n<p>&nbsp;<\/p>\n<p>&nbsp;<\/p>\n<p>&nbsp;<\/p>\n<p>&nbsp;<\/p>\n<p>&nbsp;<\/p>\n<p>&nbsp;<\/p>\n<p>&nbsp;<\/p>\n<p style=\"text-align: left;\">Baixe\u00a0<a href=\"http:\/\/biovis.com.br\/wp-content\/uploads\/2020\/02\/Guia-de-Higieniza%C3%A7%C3%A3o-das-M%C3%A3os.pdf\" target=\"_blank\" rel=\"noopener\">aqui<\/a> um guia de higieniza\u00e7\u00e3o das m\u00e3os.<\/p>\n","protected":false},"excerpt":{"rendered":"<p>Dispenser de parede para sabonete l\u00edquido ou \u00e1lcool em gel. Em a\u00e7o inox, resistente e design moderno. Com visor de n\u00edvel na lateral e reservat\u00f3rio pl\u00e1stico interno de 800ml. O abastecimento \u00e9 feito por uma abertura no topo do produto, e o acionamento por press\u00e3o da base do painel.<br \/>\nConfira todos os itens da <a href=\"https:\/\/biovis.com.br\/produto-tag\/linha-dourada\">linha Dourada<\/a>.<\/p>\n<p>Seja um revendedor e solicite aqui seu or\u00e7amento.<br \/>\n<strong>[maxbutton id=\"18\"]<\/strong><\/p>\n<p>Ou fale com um vendedor para mais informa\u00e7\u00f5es:<strong><br \/>\n[maxbutton id=\"51\"]<\/strong><\/p>\n","protected":false},"featured_media":4401,"template":"","meta":{"_joinchat":[]},"product_brand":[],"product_cat":[295,18],"product_tag":[296],"class_list":{"0":"post-4372","1":"product","2":"type-product","3":"status-publish","4":"has-post-thumbnail","6":"product_cat-dourada","7":"product_cat-saboneteiras","8":"product_tag-linha-dourada","10":"first","11":"instock","12":"shipping-taxable","13":"product-type-simple"},"aioseo_notices":[],"_links":{"self":[{"href":"https:\/\/biovis.com.br\/en\/wp-json\/wp\/v2\/product\/4372","targetHints":{"allow":["GET"]}}],"collection":[{"href":"https:\/\/biovis.com.br\/en\/wp-json\/wp\/v2\/product"}],"about":[{"href":"https:\/\/biovis.com.br\/en\/wp-json\/wp\/v2\/types\/product"}],"wp:featuredmedia":[{"embeddable":true,"href":"https:\/\/biovis.com.br\/en\/wp-json\/wp\/v2\/media\/4401"}],"wp:attachment":[{"href":"https:\/\/biovis.com.br\/en\/wp-json\/wp\/v2\/media?parent=4372"}],"wp:term":[{"taxonomy":"product_brand","embeddable":true,"href":"https:\/\/biovis.com.br\/en\/wp-json\/wp\/v2\/product_brand?post=4372"},{"taxonomy":"product_cat","embeddable":true,"href":"https:\/\/biovis.com.br\/en\/wp-json\/wp\/v2\/product_cat?post=4372"},{"taxonomy":"product_tag","embeddable":true,"href":"https:\/\/biovis.com.br\/en\/wp-json\/wp\/v2\/product_tag?post=4372"}],"curies":[{"name":"wp","href":"https:\/\/api.w.org\/{rel}","templated":true}]}}