{"id":4245,"date":"2025-03-28T14:15:25","date_gmt":"2025-03-28T17:15:25","guid":{"rendered":"https:\/\/biovis.com.br\/?post_type=product&#038;p=4245"},"modified":"2025-05-20T17:58:31","modified_gmt":"2025-05-20T20:58:31","slug":"mini-toalheiro-noble","status":"publish","type":"product","link":"https:\/\/biovis.com.br\/en\/produto\/mini-toalheiro-noble\/","title":{"rendered":"Mini Toalheiro Noble"},"content":{"rendered":"<p>C\u00f3digo: 006109<br \/>\nDimens\u00f5es: 13,5 x 26,8 x 10,3 cm (AxLxP)<br \/>\nPeso l\u00edquido: 1,050kg<br \/>\nMat\u00e9ria prima: A\u00e7o inox 430 escovado<br \/>\nCapacidade: at\u00e9 250 folhas<br \/>\nSa\u00edda do papel: 19,5 x 5,5 cm<br \/>\nEmbalagem individual: caixa de papel microondulado<br \/>\nAcompanha: Chave met\u00e1lica, 3 parafusos e 3 buchas para fixa\u00e7\u00e3o<br \/>\nGarantia: 3 meses legais, contra defeitos de fabrica\u00e7\u00e3o<br \/>\nNCM: 7306.11.00<br \/>\nEAN-13: 7898599163465<\/p>\n<p><img loading=\"lazy\" decoding=\"async\" class=\"alignnone wp-image-4262 \" src=\"https:\/\/biovis.com.br\/wp-content\/uploads\/2025\/03\/mini-toalheiro-noble-escovado-medidas.jpg\" alt=\"\" width=\"680\" height=\"188\" srcset=\"https:\/\/biovis.com.br\/wp-content\/uploads\/2025\/03\/mini-toalheiro-noble-escovado-medidas.jpg 970w, https:\/\/biovis.com.br\/wp-content\/uploads\/2025\/03\/mini-toalheiro-noble-escovado-medidas-300x83.jpg 300w, https:\/\/biovis.com.br\/wp-content\/uploads\/2025\/03\/mini-toalheiro-noble-escovado-medidas-768x212.jpg 768w, https:\/\/biovis.com.br\/wp-content\/uploads\/2025\/03\/mini-toalheiro-noble-escovado-medidas-64x18.jpg 64w\" sizes=\"auto, (max-width: 680px) 100vw, 680px\" \/><\/p>\n<p>Para mais informa\u00e7\u00f5es, acesse o <a href=\"https:\/\/biovis.com.br\/wp-content\/uploads\/2025\/05\/Ficha-Tecnica-Biovis-Mini-Toalheiro-Noble-rev060525.pdf\" target=\"_blank\" rel=\"noopener\">Manual de Instru\u00e7\u00f5es do Mini Toalheiro Noble.<\/a><\/p>\n","protected":false},"excerpt":{"rendered":"<p>Mini dispenser de parede para papel toalha interfolhado, em a\u00e7o inox escovado. Com fechadura e chave de metal.<br \/>\nConfira todos os itens da <a href=\"https:\/\/biovis.com.br\/produto-tag\/linha-noble\/\" target=\"_blank\" rel=\"noopener\">linha Noble.<\/a><\/p>\n<p>Seja um revendedor e solicite aqui seu or\u00e7amento.<br \/>\n<strong>[maxbutton id=\"18\"]<\/strong><\/p>\n<p>Ou fale com um vendedor para mais informa\u00e7\u00f5es:<strong><br \/>\n[maxbutton id=\"51\"]<\/strong><\/p>\n<p>&nbsp;<\/p>\n","protected":false},"featured_media":4243,"template":"","meta":{"_joinchat":[]},"product_brand":[],"product_cat":[20,40,278,19],"product_tag":[54,98,294,62,60],"class_list":{"0":"post-4245","1":"product","2":"type-product","3":"status-publish","4":"has-post-thumbnail","6":"product_cat-toalheiros-aco-inox","7":"product_cat-interfolha","8":"product_cat-produtos-em-aco-inox","9":"product_cat-toalheiros","10":"product_tag-aco-inox","11":"product_tag-linha-noble","12":"product_tag-mini-toalheiros","13":"product_tag-toalheiro-inox","14":"product_tag-toalheiro-interfolha","16":"first","17":"instock","18":"shipping-taxable","19":"product-type-simple"},"aioseo_notices":[],"_links":{"self":[{"href":"https:\/\/biovis.com.br\/en\/wp-json\/wp\/v2\/product\/4245","targetHints":{"allow":["GET"]}}],"collection":[{"href":"https:\/\/biovis.com.br\/en\/wp-json\/wp\/v2\/product"}],"about":[{"href":"https:\/\/biovis.com.br\/en\/wp-json\/wp\/v2\/types\/product"}],"wp:featuredmedia":[{"embeddable":true,"href":"https:\/\/biovis.com.br\/en\/wp-json\/wp\/v2\/media\/4243"}],"wp:attachment":[{"href":"https:\/\/biovis.com.br\/en\/wp-json\/wp\/v2\/media?parent=4245"}],"wp:term":[{"taxonomy":"product_brand","embeddable":true,"href":"https:\/\/biovis.com.br\/en\/wp-json\/wp\/v2\/product_brand?post=4245"},{"taxonomy":"product_cat","embeddable":true,"href":"https:\/\/biovis.com.br\/en\/wp-json\/wp\/v2\/product_cat?post=4245"},{"taxonomy":"product_tag","embeddable":true,"href":"https:\/\/biovis.com.br\/en\/wp-json\/wp\/v2\/product_tag?post=4245"}],"curies":[{"name":"wp","href":"https:\/\/api.w.org\/{rel}","templated":true}]}}