{"id":4005,"date":"2024-08-09T16:58:09","date_gmt":"2024-08-09T19:58:09","guid":{"rendered":"https:\/\/biovis.com.br\/?post_type=product&#038;p=4005"},"modified":"2024-08-09T17:05:59","modified_gmt":"2024-08-09T20:05:59","slug":"saboneteira-higia-preta","status":"publish","type":"product","link":"https:\/\/biovis.com.br\/en\/produto\/saboneteira-higia-preta\/","title":{"rendered":"Saboneteira H\u00edgia Preta"},"content":{"rendered":"<p>C\u00f3digo: 005799 (ESPUMA) \/ 005800 (L\u00cdQUIDA)<br \/>\nDimens\u00f5es: 25,5&#215;13,0x13,0cm<br \/>\nCapacidade: 800ml<br \/>\nVolume dispensado: 0,4ml<br \/>\nPeso l\u00edquido: 0,380kg<br \/>\nMat\u00e9ria-prima: pl\u00e1stico PS<br \/>\nEAN-13: 7898599163274 \/7898599163281<br \/>\nGarantia: 3 meses contra defeitos de fabrica\u00e7\u00e3o<br \/>\nAcompanha: reservat\u00f3rio, chave pl\u00e1stica, 2 parafusos e 2 buchas para fixa\u00e7\u00e3o<\/p>\n<p><img loading=\"lazy\" decoding=\"async\" class=\"wp-image-3576 size-full alignleft\" src=\"https:\/\/biovis.com.br\/wp-content\/uploads\/2023\/04\/saboneteira-higia-medidas2.jpg\" alt=\"\" width=\"680\" height=\"264\" srcset=\"https:\/\/biovis.com.br\/wp-content\/uploads\/2023\/04\/saboneteira-higia-medidas2.jpg 680w, https:\/\/biovis.com.br\/wp-content\/uploads\/2023\/04\/saboneteira-higia-medidas2-300x116.jpg 300w, https:\/\/biovis.com.br\/wp-content\/uploads\/2023\/04\/saboneteira-higia-medidas2-64x25.jpg 64w\" sizes=\"auto, (max-width: 680px) 100vw, 680px\" \/><\/p>\n<p>&nbsp;<\/p>\n<p>&nbsp;<\/p>\n<p>&nbsp;<\/p>\n<p>&nbsp;<\/p>\n<p>&nbsp;<\/p>\n<p>&nbsp;<\/p>\n<p>&nbsp;<\/p>\n<p>&nbsp;<\/p>\n<p style=\"text-align: left;\">Para mais informa\u00e7\u00f5es, consulte o <a href=\"https:\/\/biovis.com.br\/wp-content\/uploads\/2023\/04\/Manual-Biovis-Saboneteira-Higia-rev280423-2.pdf\" target=\"_blank\" rel=\"noopener\">Manual de Instru\u00e7\u00f5es da Saboneteira H\u00edgia<\/a><\/p>\n<p style=\"text-align: left;\">\n","protected":false},"excerpt":{"rendered":"<p>Dispenser pl\u00e1stico para sabonete l\u00edquido ou \u00e1lcool em gel. Pode ser utilizado com reservat\u00f3rio ou bag. Com visor de n\u00edvel e trava de seguran\u00e7a. Pr\u00e1tico e compacto, pode ser utilizado em qualquer ambiente! Confira aqui toda a <a href=\"https:\/\/biovis.com.br\/produto-tag\/linha-higia\/\" target=\"_blank\" rel=\"noopener\">Linha H\u00edgia.<\/a><\/p>\n<p>Seja um revendedor e solicite aqui seu or\u00e7amento:<br \/>\n<strong>[maxbutton id=\"18\"]<\/strong><\/p>\n<p>Ou fale com um vendedor para mais informa\u00e7\u00f5es:<strong><br \/>\n[maxbutton id=\"51\"]<\/strong><\/p>\n<p>&nbsp;<\/p>\n","protected":false},"featured_media":4006,"template":"","meta":{"_joinchat":[]},"product_brand":[],"product_cat":[51,289,279,36,18],"product_tag":[287],"class_list":{"0":"post-4005","1":"product","2":"type-product","3":"status-publish","4":"has-post-thumbnail","6":"product_cat-espuma","7":"product_cat-linha-higia","8":"product_cat-linha-plastica","9":"product_cat-plastica-saboneteiras","10":"product_cat-saboneteiras","11":"product_tag-linha-higia","13":"first","14":"instock","15":"shipping-taxable","16":"product-type-simple"},"aioseo_notices":[],"_links":{"self":[{"href":"https:\/\/biovis.com.br\/en\/wp-json\/wp\/v2\/product\/4005","targetHints":{"allow":["GET"]}}],"collection":[{"href":"https:\/\/biovis.com.br\/en\/wp-json\/wp\/v2\/product"}],"about":[{"href":"https:\/\/biovis.com.br\/en\/wp-json\/wp\/v2\/types\/product"}],"wp:featuredmedia":[{"embeddable":true,"href":"https:\/\/biovis.com.br\/en\/wp-json\/wp\/v2\/media\/4006"}],"wp:attachment":[{"href":"https:\/\/biovis.com.br\/en\/wp-json\/wp\/v2\/media?parent=4005"}],"wp:term":[{"taxonomy":"product_brand","embeddable":true,"href":"https:\/\/biovis.com.br\/en\/wp-json\/wp\/v2\/product_brand?post=4005"},{"taxonomy":"product_cat","embeddable":true,"href":"https:\/\/biovis.com.br\/en\/wp-json\/wp\/v2\/product_cat?post=4005"},{"taxonomy":"product_tag","embeddable":true,"href":"https:\/\/biovis.com.br\/en\/wp-json\/wp\/v2\/product_tag?post=4005"}],"curies":[{"name":"wp","href":"https:\/\/api.w.org\/{rel}","templated":true}]}}