{"id":4000,"date":"2024-08-09T16:42:46","date_gmt":"2024-08-09T19:42:46","guid":{"rendered":"https:\/\/biovis.com.br\/?post_type=product&#038;p=4000"},"modified":"2025-01-20T09:08:46","modified_gmt":"2025-01-20T12:08:46","slug":"caicai-higia-branco","status":"publish","type":"product","link":"https:\/\/biovis.com.br\/en\/produto\/caicai-higia-branco\/","title":{"rendered":"Caicai H\u00edgia &#8211; Branco"},"content":{"rendered":"<p>C\u00f3digo: 006004<br \/>\nDimens\u00f5es: 24,5x13x12cm<br \/>\nCapacidade: at\u00e9 1000 folhas<br \/>\nPeso l\u00edquido: 0,250kg<br \/>\nMat\u00e9ria-prima: pl\u00e1stico PS<br \/>\nNCM: 3922.90.00<br \/>\nEAN-13: 7898599163410<br \/>\nGarantia: 3 meses contra defeitos de fabrica\u00e7\u00e3o<br \/>\nAcompanha: chave pl\u00e1stica, 2 parafusos e 2 buchas para fixa\u00e7\u00e3o<\/p>\n<p><img loading=\"lazy\" decoding=\"async\" class=\"alignnone wp-image-4213 \" src=\"https:\/\/biovis.com.br\/wp-content\/uploads\/2024\/08\/caicai-higia-medidas-1024x430.jpg\" alt=\"\" width=\"658\" height=\"276\" srcset=\"https:\/\/biovis.com.br\/wp-content\/uploads\/2024\/08\/caicai-higia-medidas-1024x430.jpg 1024w, https:\/\/biovis.com.br\/wp-content\/uploads\/2024\/08\/caicai-higia-medidas-300x126.jpg 300w, https:\/\/biovis.com.br\/wp-content\/uploads\/2024\/08\/caicai-higia-medidas-768x322.jpg 768w, https:\/\/biovis.com.br\/wp-content\/uploads\/2024\/08\/caicai-higia-medidas-64x27.jpg 64w, https:\/\/biovis.com.br\/wp-content\/uploads\/2024\/08\/caicai-higia-medidas.jpg 1258w\" sizes=\"auto, (max-width: 658px) 100vw, 658px\" \/><\/p>\n<p>Para mais informa\u00e7\u00f5es, consulte o <a href=\"https:\/\/biovis.com.br\/wp-content\/uploads\/2025\/01\/Manual-Biovis-Caicai-Higia-200125.pdf\" target=\"_blank\" rel=\"noopener\">Manual de Instru\u00e7\u00f5es do Caicai H\u00edgia<\/a><\/p>\n","protected":false},"excerpt":{"rendered":"<p>Dispenser pl\u00e1stico de parede para papel higi\u00eanico interfolhas. Com visor de n\u00edvel e trava de seguran\u00e7a. Pr\u00e1tico e compacto, pode ser utilizado em qualquer ambiente. Confira aqui toda a <a href=\"https:\/\/biovis.com.br\/produto-tag\/linha-higia\/\" target=\"_blank\" rel=\"noopener\">Linha H\u00edgia.<\/a><\/p>\n<p>Seja um revendedor e solicite aqui seu or\u00e7amento:<br \/>\n<strong>[maxbutton id=\"18\"]<\/strong><\/p>\n<p>Ou fale com um vendedor para mais informa\u00e7\u00f5es:<strong><br \/>\n[maxbutton id=\"51\"]<\/strong><\/p>\n<p>&nbsp;<\/p>\n","protected":false},"featured_media":4185,"template":"","meta":{"_joinchat":[]},"product_brand":[],"product_cat":[41,289,279,35,26],"product_tag":[287],"class_list":{"0":"post-4000","1":"product","2":"type-product","3":"status-publish","4":"has-post-thumbnail","6":"product_cat-interfolha-porta-papel-higienico","7":"product_cat-linha-higia","8":"product_cat-linha-plastica","9":"product_cat-plastico-porta-papel-higienico","10":"product_cat-porta-papel-higienico","11":"product_tag-linha-higia","13":"first","14":"instock","15":"shipping-taxable","16":"product-type-simple"},"aioseo_notices":[],"_links":{"self":[{"href":"https:\/\/biovis.com.br\/en\/wp-json\/wp\/v2\/product\/4000","targetHints":{"allow":["GET"]}}],"collection":[{"href":"https:\/\/biovis.com.br\/en\/wp-json\/wp\/v2\/product"}],"about":[{"href":"https:\/\/biovis.com.br\/en\/wp-json\/wp\/v2\/types\/product"}],"wp:featuredmedia":[{"embeddable":true,"href":"https:\/\/biovis.com.br\/en\/wp-json\/wp\/v2\/media\/4185"}],"wp:attachment":[{"href":"https:\/\/biovis.com.br\/en\/wp-json\/wp\/v2\/media?parent=4000"}],"wp:term":[{"taxonomy":"product_brand","embeddable":true,"href":"https:\/\/biovis.com.br\/en\/wp-json\/wp\/v2\/product_brand?post=4000"},{"taxonomy":"product_cat","embeddable":true,"href":"https:\/\/biovis.com.br\/en\/wp-json\/wp\/v2\/product_cat?post=4000"},{"taxonomy":"product_tag","embeddable":true,"href":"https:\/\/biovis.com.br\/en\/wp-json\/wp\/v2\/product_tag?post=4000"}],"curies":[{"name":"wp","href":"https:\/\/api.w.org\/{rel}","templated":true}]}}