{"id":3994,"date":"2024-08-09T15:27:51","date_gmt":"2024-08-09T18:27:51","guid":{"rendered":"https:\/\/biovis.com.br\/?post_type=product&#038;p=3994"},"modified":"2025-01-20T13:38:41","modified_gmt":"2025-01-20T16:38:41","slug":"porta-rolao-higia-branco","status":"publish","type":"product","link":"https:\/\/biovis.com.br\/en\/produto\/porta-rolao-higia-branco\/","title":{"rendered":"Porta Rol\u00e3o H\u00edgia &#8211; Branco"},"content":{"rendered":"<p>C\u00f3digo: 006001<br \/>\nDimens\u00f5es: 24,5&#215;24,5x13cm<br \/>\nCapacidade: rolo at\u00e9 300m<br \/>\nSa\u00edda do papel: 17,0&#215;5,0cm<br \/>\nPeso l\u00edquido: 0,500kg<br \/>\nMat\u00e9ria-prima: pl\u00e1stico PS<br \/>\nNCM: 3922.90.00<br \/>\nEAN-13: 7898599163373<br \/>\nGarantia: 3 meses contra defeitos de fabrica\u00e7\u00e3o<br \/>\nAcompanha: chave pl\u00e1stica, 2 parafusos e 2 buchas para fixa\u00e7\u00e3o<\/p>\n<p><img loading=\"lazy\" decoding=\"async\" class=\"alignnone wp-image-4218 \" src=\"https:\/\/biovis.com.br\/wp-content\/uploads\/2024\/08\/porta-rolao-higia-medidas.png\" alt=\"\" width=\"812\" height=\"242\" srcset=\"https:\/\/biovis.com.br\/wp-content\/uploads\/2024\/08\/porta-rolao-higia-medidas.png 887w, https:\/\/biovis.com.br\/wp-content\/uploads\/2024\/08\/porta-rolao-higia-medidas-300x89.png 300w, https:\/\/biovis.com.br\/wp-content\/uploads\/2024\/08\/porta-rolao-higia-medidas-768x229.png 768w, https:\/\/biovis.com.br\/wp-content\/uploads\/2024\/08\/porta-rolao-higia-medidas-64x19.png 64w\" sizes=\"auto, (max-width: 812px) 100vw, 812px\" \/><\/p>\n<p>Para mais informa\u00e7\u00f5es, consulte o\u00a0<a href=\"https:\/\/biovis.com.br\/wp-content\/uploads\/2025\/01\/Manual-Biovis-Porta-Rolao-Higia-200125.pdf\" target=\"_blank\" rel=\"noopener\">Manual de Instru\u00e7\u00f5es do Porta Rol\u00e3o H\u00edgia<\/a>.<\/p>\n","protected":false},"excerpt":{"rendered":"<p>Dispenser pl\u00e1stico de parede para papel higi\u00eanico. Com visor de n\u00edvel e trava de seguran\u00e7a. Pr\u00e1tico e compacto, pode ser utilizado em qualquer ambiente. Confira aqui toda a <a href=\"https:\/\/biovis.com.br\/produto-tag\/linha-higia\/\" target=\"_blank\" rel=\"noopener\">Linha H\u00edgia.<\/a><\/p>\n<p>Seja um revendedor e solicite aqui seu or\u00e7amento:<br \/>\n<strong>[maxbutton id=\"18\"]<\/strong><\/p>\n<p>Ou fale com um vendedor para mais informa\u00e7\u00f5es:<strong><br \/>\n[maxbutton id=\"51\"]<\/strong><\/p>\n<p>&nbsp;<\/p>\n","protected":false},"featured_media":4168,"template":"","meta":{"_joinchat":[]},"product_brand":[],"product_cat":[289,279,35,26,38],"product_tag":[287],"class_list":{"0":"post-3994","1":"product","2":"type-product","3":"status-publish","4":"has-post-thumbnail","6":"product_cat-linha-higia","7":"product_cat-linha-plastica","8":"product_cat-plastico-porta-papel-higienico","9":"product_cat-porta-papel-higienico","10":"product_cat-rolo","11":"product_tag-linha-higia","13":"first","14":"instock","15":"shipping-taxable","16":"product-type-simple"},"aioseo_notices":[],"_links":{"self":[{"href":"https:\/\/biovis.com.br\/en\/wp-json\/wp\/v2\/product\/3994","targetHints":{"allow":["GET"]}}],"collection":[{"href":"https:\/\/biovis.com.br\/en\/wp-json\/wp\/v2\/product"}],"about":[{"href":"https:\/\/biovis.com.br\/en\/wp-json\/wp\/v2\/types\/product"}],"wp:featuredmedia":[{"embeddable":true,"href":"https:\/\/biovis.com.br\/en\/wp-json\/wp\/v2\/media\/4168"}],"wp:attachment":[{"href":"https:\/\/biovis.com.br\/en\/wp-json\/wp\/v2\/media?parent=3994"}],"wp:term":[{"taxonomy":"product_brand","embeddable":true,"href":"https:\/\/biovis.com.br\/en\/wp-json\/wp\/v2\/product_brand?post=3994"},{"taxonomy":"product_cat","embeddable":true,"href":"https:\/\/biovis.com.br\/en\/wp-json\/wp\/v2\/product_cat?post=3994"},{"taxonomy":"product_tag","embeddable":true,"href":"https:\/\/biovis.com.br\/en\/wp-json\/wp\/v2\/product_tag?post=3994"}],"curies":[{"name":"wp","href":"https:\/\/api.w.org\/{rel}","templated":true}]}}