{"id":3937,"date":"2024-07-15T09:57:25","date_gmt":"2024-07-15T12:57:25","guid":{"rendered":"https:\/\/biovis.com.br\/?post_type=product&#038;p=3937"},"modified":"2025-07-15T14:41:08","modified_gmt":"2025-07-15T17:41:08","slug":"porta-forro-para-assento-sanitario","status":"publish","type":"product","link":"https:\/\/biovis.com.br\/en\/produto\/porta-forro-para-assento-sanitario\/","title":{"rendered":"Porta Forro para Assento Sanit\u00e1rio"},"content":{"rendered":"<p>C\u00f3digo: 005992 (polido) \/ 006025 (escovado)<br \/>\nDimens\u00f5es: 215x145x30mm<br \/>\nCapacidade: 1 caixa de forros descart\u00e1veis para assento sanit\u00e1rio<br \/>\nMateria-prima: a\u00e7o inox 430<br \/>\nPeso l\u00edquido: 0,230kg<br \/>\nGarantia: 3 meses legais, contra defeitos de fabrica\u00e7\u00e3o<br \/>\nNCM: 7306.11.00<br \/>\nEAN-13: 7898599163335<\/p>\n<p>Para mais informa\u00e7\u00f5es, acesse o <a href=\"https:\/\/biovis.com.br\/wp-content\/uploads\/2025\/05\/Ficha-Tecnica-Biovis-Porta-Forro-para-Assento-Sanitario-rev220525.pdf\" target=\"_blank\" rel=\"noopener\">Manual de Instru\u00e7\u00f5es.<\/a><\/p>\n","protected":false},"excerpt":{"rendered":"<p>Suporte de parede em a\u00e7o inox para caixa de forros descart\u00e1veis para assento sanit\u00e1rio. Confira <a href=\"https:\/\/biovis.com.br\/categoria-produto\/suportes\/\" target=\"_blank\" rel=\"noopener\">aqui<\/a>\u00a0todos os modelos de suporte.<\/p>\n<p>Seja um revendedor e solicite aqui seu or\u00e7amento:<br \/>\n<strong>[maxbutton id=\"18\"]<\/strong><\/p>\n<p>Ou fale com um vendedor para mais informa\u00e7\u00f5es:<strong><br \/>\n[maxbutton id=\"51\"]<\/strong><\/p>\n<p>&nbsp;<\/p>\n","protected":false},"featured_media":3938,"template":"","meta":{"_joinchat":[]},"product_brand":[],"product_cat":[278,30],"product_tag":[],"class_list":{"0":"post-3937","1":"product","2":"type-product","3":"status-publish","4":"has-post-thumbnail","6":"product_cat-produtos-em-aco-inox","7":"product_cat-suportes","9":"first","10":"instock","11":"shipping-taxable","12":"product-type-simple"},"aioseo_notices":[],"_links":{"self":[{"href":"https:\/\/biovis.com.br\/en\/wp-json\/wp\/v2\/product\/3937","targetHints":{"allow":["GET"]}}],"collection":[{"href":"https:\/\/biovis.com.br\/en\/wp-json\/wp\/v2\/product"}],"about":[{"href":"https:\/\/biovis.com.br\/en\/wp-json\/wp\/v2\/types\/product"}],"wp:featuredmedia":[{"embeddable":true,"href":"https:\/\/biovis.com.br\/en\/wp-json\/wp\/v2\/media\/3938"}],"wp:attachment":[{"href":"https:\/\/biovis.com.br\/en\/wp-json\/wp\/v2\/media?parent=3937"}],"wp:term":[{"taxonomy":"product_brand","embeddable":true,"href":"https:\/\/biovis.com.br\/en\/wp-json\/wp\/v2\/product_brand?post=3937"},{"taxonomy":"product_cat","embeddable":true,"href":"https:\/\/biovis.com.br\/en\/wp-json\/wp\/v2\/product_cat?post=3937"},{"taxonomy":"product_tag","embeddable":true,"href":"https:\/\/biovis.com.br\/en\/wp-json\/wp\/v2\/product_tag?post=3937"}],"curies":[{"name":"wp","href":"https:\/\/api.w.org\/{rel}","templated":true}]}}