{"id":3786,"date":"2023-09-21T10:31:43","date_gmt":"2023-09-21T13:31:43","guid":{"rendered":"https:\/\/biovis.com.br\/?post_type=product&#038;p=3786"},"modified":"2025-02-07T09:52:04","modified_gmt":"2025-02-07T12:52:04","slug":"saboneteira-higia-espuma","status":"publish","type":"product","link":"https:\/\/biovis.com.br\/en\/produto\/saboneteira-higia-espuma\/","title":{"rendered":"Saboneteira H\u00edgia Espuma"},"content":{"rendered":"<p>C\u00f3digo: 005711<br \/>\nDimens\u00f5es: 25,0&#215;13,0x13,0cm<br \/>\nCapacidade: 800ml<br \/>\nVolume dispensado: 3,5ml de espuma<br \/>\nPeso l\u00edquido: 0,380kg<br \/>\nMat\u00e9ria-prima: pl\u00e1stico PS<br \/>\nEAN-13: 7898599163212<br \/>\nGarantia: 3 meses contra defeitos de fabrica\u00e7\u00e3o<br \/>\nAcompanha: reservat\u00f3rio, chave pl\u00e1stica, 2 parafusos e 2 buchas para fixa\u00e7\u00e3o<\/p>\n<p>&nbsp;<\/p>\n<p><img loading=\"lazy\" decoding=\"async\" class=\"wp-image-3576 size-full alignleft\" src=\"https:\/\/biovis.com.br\/wp-content\/uploads\/2023\/04\/saboneteira-higia-medidas2.jpg\" alt=\"\" width=\"680\" height=\"264\" srcset=\"https:\/\/biovis.com.br\/wp-content\/uploads\/2023\/04\/saboneteira-higia-medidas2.jpg 680w, https:\/\/biovis.com.br\/wp-content\/uploads\/2023\/04\/saboneteira-higia-medidas2-300x116.jpg 300w, https:\/\/biovis.com.br\/wp-content\/uploads\/2023\/04\/saboneteira-higia-medidas2-64x25.jpg 64w\" sizes=\"auto, (max-width: 680px) 100vw, 680px\" \/><\/p>\n<p>&nbsp;<\/p>\n<p>&nbsp;<\/p>\n<p>&nbsp;<\/p>\n<p>&nbsp;<\/p>\n<p>&nbsp;<\/p>\n<p>&nbsp;<\/p>\n<p>&nbsp;<\/p>\n<p>&nbsp;<\/p>\n<p style=\"text-align: left;\">IMPORTANTE:<br \/>\n&#8211; Utilize somente sabonete especial para espuma ou sabonete l\u00edquido comum dilu\u00eddo (55% sabonete e 45% \u00e1gua);<br \/>\n&#8211; \u00c9 EXTREMAMENTE IMPORTANTE SEGUIR CORRETAMENTE OS PROCEDIMENTOS DE LIMPEZA PARA CONSERVAR A INTEGRIDADE, MANTER O BOM FUNCIONAMENTO E PROLONGAR A VIDA \u00daTIL DO PRODUTO.<\/p>\n<p style=\"text-align: left;\">Para mais informa\u00e7\u00f5es, acesse o <a href=\"https:\/\/biovis.com.br\/wp-content\/uploads\/2025\/02\/Manual-Biovis-Saboneteira-Higia-Espuma-rev070225.pdf\" target=\"_blank\" rel=\"noopener\">Manual de Instru\u00e7\u00f5es da Saboneteira H\u00edgia Espuma<\/a><\/p>\n<p style=\"text-align: left;\">\n","protected":false},"excerpt":{"rendered":"<p>Dispenser pl\u00e1stico para sabonete em espuma. Pr\u00e1tico e compacto, pode ser utilizado em qualquer ambiente! Confira tamb\u00e9m a <a href=\"https:\/\/biovis.com.br\/produto\/saboneteira-higia\/\" target=\"_blank\" rel=\"noopener\">Saboneteira H\u00edgia<\/a> para sabonete l\u00edquido e o <a href=\"https:\/\/biovis.com.br\/produto\/toalheiro-higia\/\" target=\"_blank\" rel=\"noopener\">Toalheiro H\u00edgia<\/a>.<\/p>\n<p>Seja um revendedor e solicite aqui seu or\u00e7amento:<br \/>\n<strong>[maxbutton id=\"18\"]<\/strong><\/p>\n<p>Ou fale com um vendedor para mais informa\u00e7\u00f5es:<strong><br \/>\n[maxbutton id=\"51\"]<\/strong><\/p>\n<p>&nbsp;<\/p>\n","protected":false},"featured_media":3789,"template":"","meta":{"_joinchat":[]},"product_brand":[],"product_cat":[51,289,279,36,18],"product_tag":[],"class_list":{"0":"post-3786","1":"product","2":"type-product","3":"status-publish","4":"has-post-thumbnail","6":"product_cat-espuma","7":"product_cat-linha-higia","8":"product_cat-linha-plastica","9":"product_cat-plastica-saboneteiras","10":"product_cat-saboneteiras","12":"first","13":"instock","14":"shipping-taxable","15":"product-type-simple"},"aioseo_notices":[],"_links":{"self":[{"href":"https:\/\/biovis.com.br\/en\/wp-json\/wp\/v2\/product\/3786","targetHints":{"allow":["GET"]}}],"collection":[{"href":"https:\/\/biovis.com.br\/en\/wp-json\/wp\/v2\/product"}],"about":[{"href":"https:\/\/biovis.com.br\/en\/wp-json\/wp\/v2\/types\/product"}],"wp:featuredmedia":[{"embeddable":true,"href":"https:\/\/biovis.com.br\/en\/wp-json\/wp\/v2\/media\/3789"}],"wp:attachment":[{"href":"https:\/\/biovis.com.br\/en\/wp-json\/wp\/v2\/media?parent=3786"}],"wp:term":[{"taxonomy":"product_brand","embeddable":true,"href":"https:\/\/biovis.com.br\/en\/wp-json\/wp\/v2\/product_brand?post=3786"},{"taxonomy":"product_cat","embeddable":true,"href":"https:\/\/biovis.com.br\/en\/wp-json\/wp\/v2\/product_cat?post=3786"},{"taxonomy":"product_tag","embeddable":true,"href":"https:\/\/biovis.com.br\/en\/wp-json\/wp\/v2\/product_tag?post=3786"}],"curies":[{"name":"wp","href":"https:\/\/api.w.org\/{rel}","templated":true}]}}