{"id":3543,"date":"2023-04-18T10:45:23","date_gmt":"2023-04-18T13:45:23","guid":{"rendered":"https:\/\/biovis.com.br\/?post_type=product&#038;p=3543"},"modified":"2025-08-04T11:55:49","modified_gmt":"2025-08-04T14:55:49","slug":"caicai-quadra","status":"publish","type":"product","link":"https:\/\/biovis.com.br\/en\/produto\/caicai-quadra\/","title":{"rendered":"Caicai Quadra"},"content":{"rendered":"<p>C\u00f3digo: 005471(polido) \/ 005489 (escovado)<br \/>\nDimens\u00f5es: 28,0 x 13,0 x 11,5 cm (AxLxP)<br \/>\nPeso l\u00edquido: 0,800kg<br \/>\nMat\u00e9ria prima: A\u00e7o inox 430<br \/>\nCapacidade: at\u00e9 1000 folhas<br \/>\nSa\u00edda do papel: 10,0 x 3,5 cm<br \/>\nEmbalagem individual: caixa em papel microondulado<br \/>\nGarantia: 3 meses legais, contra defeitos de fabrica\u00e7\u00e3o<br \/>\nAcompanha: 2 chaves em a\u00e7o, 3 parafusos e 3 buchas para instala\u00e7\u00e3o<br \/>\nNCM: 7306.11.00<br \/>\nEAN-13: 7898599163168 (polido) \/ 7898599163182 (escovado)<\/p>\n<p>&nbsp;<\/p>\n<p style=\"text-align: center;\"><img loading=\"lazy\" decoding=\"async\" class=\"aligncenter wp-image-3622 size-full\" src=\"https:\/\/biovis.com.br\/wp-content\/uploads\/2023\/04\/caicai-quadra-medidas-4.jpg\" alt=\"\" width=\"732\" height=\"240\" srcset=\"https:\/\/biovis.com.br\/wp-content\/uploads\/2023\/04\/caicai-quadra-medidas-4.jpg 732w, https:\/\/biovis.com.br\/wp-content\/uploads\/2023\/04\/caicai-quadra-medidas-4-300x98.jpg 300w, https:\/\/biovis.com.br\/wp-content\/uploads\/2023\/04\/caicai-quadra-medidas-4-64x21.jpg 64w\" sizes=\"auto, (max-width: 732px) 100vw, 732px\" \/><\/p>\n<p>\u00a0<img loading=\"lazy\" decoding=\"async\" class=\"wp-image-3660 aligncenter\" src=\"https:\/\/biovis.com.br\/wp-content\/uploads\/2023\/04\/acabamento-caicai-quadra.jpg\" alt=\"\" width=\"476\" height=\"284\" srcset=\"https:\/\/biovis.com.br\/wp-content\/uploads\/2023\/04\/acabamento-caicai-quadra.jpg 925w, https:\/\/biovis.com.br\/wp-content\/uploads\/2023\/04\/acabamento-caicai-quadra-300x179.jpg 300w, https:\/\/biovis.com.br\/wp-content\/uploads\/2023\/04\/acabamento-caicai-quadra-768x458.jpg 768w, https:\/\/biovis.com.br\/wp-content\/uploads\/2023\/04\/acabamento-caicai-quadra-64x38.jpg 64w\" sizes=\"auto, (max-width: 476px) 100vw, 476px\" \/><\/p>\n<p style=\"text-align: center;\">Para mais informa\u00e7\u00f5es, consulte o <a href=\"https:\/\/biovis.com.br\/wp-content\/uploads\/2025\/08\/Manual-Biovis-Caicai-Quadra-040825.pdf\" target=\"_blank\" rel=\"noopener\">Manual de Instru\u00e7\u00f5es do Caicai Quadra<\/a><\/p>\n<p>&nbsp;<\/p>\n","protected":false},"excerpt":{"rendered":"<p>Dispenser de parede para papel higi\u00eanico interfolhas em a\u00e7o inox, com chave\/fechadura met\u00e1lica anti-furto e visor de n\u00edvel. Compacto e resistente, o Caicai Quadra est\u00e1 dispon\u00edvel nas op\u00e7\u00f5es polido ou escovado. Confira tamb\u00e9m o <a href=\"https:\/\/biovis.com.br\/produto\/toalheiro-quadra\/\" target=\"_blank\" rel=\"noopener\">Toalheiro Quadra<\/a>.<\/p>\n<p>Seja um revendedor e solicite aqui seu or\u00e7amento:<br \/>\n<strong>[maxbutton id=\"18\"]<\/strong><\/p>\n<p>Ou fale com um vendedor para mais informa\u00e7\u00f5es:<strong><br \/>\n[maxbutton id=\"51\"]<\/strong><\/p>\n<p>&nbsp;<\/p>\n<p>&nbsp;<\/p>\n","protected":false},"featured_media":3831,"template":"","meta":{"_joinchat":[]},"product_brand":[],"product_cat":[31,41,290,26,278],"product_tag":[288],"class_list":{"0":"post-3543","1":"product","2":"type-product","3":"status-publish","4":"has-post-thumbnail","6":"product_cat-aco-inox","7":"product_cat-interfolha-porta-papel-higienico","8":"product_cat-linha-quadra","9":"product_cat-porta-papel-higienico","10":"product_cat-produtos-em-aco-inox","11":"product_tag-linha-quadra","13":"first","14":"instock","15":"shipping-taxable","16":"product-type-simple"},"aioseo_notices":[],"_links":{"self":[{"href":"https:\/\/biovis.com.br\/en\/wp-json\/wp\/v2\/product\/3543","targetHints":{"allow":["GET"]}}],"collection":[{"href":"https:\/\/biovis.com.br\/en\/wp-json\/wp\/v2\/product"}],"about":[{"href":"https:\/\/biovis.com.br\/en\/wp-json\/wp\/v2\/types\/product"}],"wp:featuredmedia":[{"embeddable":true,"href":"https:\/\/biovis.com.br\/en\/wp-json\/wp\/v2\/media\/3831"}],"wp:attachment":[{"href":"https:\/\/biovis.com.br\/en\/wp-json\/wp\/v2\/media?parent=3543"}],"wp:term":[{"taxonomy":"product_brand","embeddable":true,"href":"https:\/\/biovis.com.br\/en\/wp-json\/wp\/v2\/product_brand?post=3543"},{"taxonomy":"product_cat","embeddable":true,"href":"https:\/\/biovis.com.br\/en\/wp-json\/wp\/v2\/product_cat?post=3543"},{"taxonomy":"product_tag","embeddable":true,"href":"https:\/\/biovis.com.br\/en\/wp-json\/wp\/v2\/product_tag?post=3543"}],"curies":[{"name":"wp","href":"https:\/\/api.w.org\/{rel}","templated":true}]}}