{"id":4093,"date":"2024-11-11T13:10:52","date_gmt":"2024-11-11T16:10:52","guid":{"rendered":"https:\/\/biovis.com.br\/?page_id=4093"},"modified":"2024-11-11T14:21:13","modified_gmt":"2024-11-11T17:21:13","slug":"canal-de-denuncias","status":"publish","type":"page","link":"https:\/\/biovis.com.br\/en\/canal-de-denuncias\/","title":{"rendered":"Canal de Den\u00fancias"},"content":{"rendered":"<p><a href=\"https:\/\/biovis.com.br\/en\/qr-canal-de-denuncia\" target=\"_blank\" rel=\"\" class=\"shortlink shortlink-76\"><img loading=\"lazy\" decoding=\"async\" class=\"alignleft wp-image-4100\" src=\"https:\/\/biovis.com.br\/wp-content\/uploads\/2024\/11\/cana-de-denuncias-site2.jpg\" alt=\"\" width=\"475\" height=\"336\" srcset=\"https:\/\/biovis.com.br\/wp-content\/uploads\/2024\/11\/cana-de-denuncias-site2.jpg 1528w, https:\/\/biovis.com.br\/wp-content\/uploads\/2024\/11\/cana-de-denuncias-site2-300x212.jpg 300w, https:\/\/biovis.com.br\/wp-content\/uploads\/2024\/11\/cana-de-denuncias-site2-1024x724.jpg 1024w, https:\/\/biovis.com.br\/wp-content\/uploads\/2024\/11\/cana-de-denuncias-site2-768x543.jpg 768w, https:\/\/biovis.com.br\/wp-content\/uploads\/2024\/11\/cana-de-denuncias-site2-64x45.jpg 64w\" sizes=\"auto, (max-width: 475px) 100vw, 475px\" \/><\/a><\/p>\n<h3><\/h3>\n<h3><strong>Canal de Den\u00fancias<\/strong><\/h3>\n<p>Este \u00e9 um canal seguro para voc\u00ea registrar a sua den\u00fanica. Est\u00e1 dispon\u00edvel para colaboradores, clientes, fornecedores e prestadores de servi\u00e7os, podendo ser an\u00f4nima ou n\u00e3o. Todas as informa\u00e7\u00f5es ser\u00e3o tratadas com confidencialidade, garantindo a seguran\u00e7a da identidade do denunciante.<\/p>\n<p>Agradecemos a sua iniciativa e confian\u00e7a.<\/p>\n<p><strong><a class=\"maxbutton-54 maxbutton maxbutton-canal-de-denuncias\" target=\"_blank\" rel=\"noopener\" href=\"https:\/\/biovis.com.br\/qr-canal-de-denuncia\"><span class='mb-text'>ENVIE SUA DEN\u00daNCIA<\/span><\/a><\/strong><\/p>\n","protected":false},"excerpt":{"rendered":"<p>Canal de Den\u00fancias Este \u00e9 um canal seguro para voc\u00ea registrar a sua den\u00fanica. Est\u00e1 dispon\u00edvel para colaboradores, clientes, fornecedores e prestadores de servi\u00e7os, podendo ser an\u00f4nima ou n\u00e3o. Todas as informa\u00e7\u00f5es ser\u00e3o tratadas com confidencialidade, garantindo a seguran\u00e7a da identidade do denunciante. Agradecemos a sua iniciativa e confian\u00e7a.<\/p>\n","protected":false},"author":2,"featured_media":0,"parent":0,"menu_order":0,"comment_status":"closed","ping_status":"closed","template":"","meta":{"_joinchat":[],"footnotes":""},"class_list":["post-4093","page","type-page","status-publish","hentry"],"aioseo_notices":[],"_links":{"self":[{"href":"https:\/\/biovis.com.br\/en\/wp-json\/wp\/v2\/pages\/4093","targetHints":{"allow":["GET"]}}],"collection":[{"href":"https:\/\/biovis.com.br\/en\/wp-json\/wp\/v2\/pages"}],"about":[{"href":"https:\/\/biovis.com.br\/en\/wp-json\/wp\/v2\/types\/page"}],"author":[{"embeddable":true,"href":"https:\/\/biovis.com.br\/en\/wp-json\/wp\/v2\/users\/2"}],"replies":[{"embeddable":true,"href":"https:\/\/biovis.com.br\/en\/wp-json\/wp\/v2\/comments?post=4093"}],"version-history":[{"count":13,"href":"https:\/\/biovis.com.br\/en\/wp-json\/wp\/v2\/pages\/4093\/revisions"}],"predecessor-version":[{"id":4097,"href":"https:\/\/biovis.com.br\/en\/wp-json\/wp\/v2\/pages\/4093\/revisions\/4097"}],"wp:attachment":[{"href":"https:\/\/biovis.com.br\/en\/wp-json\/wp\/v2\/media?parent=4093"}],"curies":[{"name":"wp","href":"https:\/\/api.w.org\/{rel}","templated":true}]}}