{"id":2919,"date":"2021-07-23T11:31:33","date_gmt":"2021-07-23T14:31:33","guid":{"rendered":"http:\/\/biovis.com.br\/?page_id=2919"},"modified":"2021-08-03T09:39:46","modified_gmt":"2021-08-03T12:39:46","slug":"higiexpo-2021-secadores-de-maos","status":"publish","type":"page","link":"https:\/\/biovis.com.br\/en\/higiexpo-2021-secadores-de-maos\/","title":{"rendered":"Secadores de m\u00e3os"},"content":{"rendered":"<p><a href=\"http:\/\/biovis.com.br\/categoria-produto\/secadores-de-maos\/\" target=\"_blank\" rel=\"noopener\"><img loading=\"lazy\" decoding=\"async\" class=\"aligncenter wp-image-2917 \" src=\"http:\/\/biovis.com.br\/wp-content\/uploads\/2021\/07\/landing-page-higiexpo-secadores.png\" alt=\"\" width=\"1080\" height=\"324\" \/><\/a><\/p>\n<p>&nbsp;<\/p>\n<p style=\"text-align: center;\">Os Secadores de M\u00e3os Biovis sempre foram refer\u00eancia em inova\u00e7\u00e3o. Eles s\u00e3o \u00f3timas alternativas para quem quer economizar e deixar seu estabelecimento mais moderno, bonito e organizado. Al\u00e9m disso, ao substituir o papel toalha por um secador, voc\u00ea reduz o consumo de papel e a gera\u00e7\u00e3o de lixo, contribuindo com o meio ambiente!<\/p>\n<h4 style=\"text-align: center;\">Aqui na Biovis voc\u00ea encontra diferentes modelos para diferentes aplica\u00e7\u00f5es.<\/h4>\n<p><a href=\"http:\/\/biovis.com.br\/categoria-produto\/secadores-de-maos\/\" target=\"_blank\" rel=\"noopener\"><img loading=\"lazy\" decoding=\"async\" class=\"aligncenter wp-image-2926\" src=\"http:\/\/biovis.com.br\/wp-content\/uploads\/2021\/07\/landing-page-higiexpo-secadores-01.png\" alt=\"\" width=\"716\" height=\"215\" \/><\/a><\/p>\n<p><a href=\"http:\/\/biovis.com.br\/categoria-produto\/secadores-de-maos\/\" target=\"_blank\" rel=\"noopener\"><img loading=\"lazy\" decoding=\"async\" class=\"aligncenter wp-image-2927\" src=\"http:\/\/biovis.com.br\/wp-content\/uploads\/2021\/07\/landing-page-higiexpo-secadores-02.png\" alt=\"\" width=\"717\" height=\"215\" \/><\/a><\/p>\n<p><a href=\"http:\/\/biovis.com.br\/categoria-produto\/secadores-de-maos\/\" target=\"_blank\" rel=\"noopener\"><img loading=\"lazy\" decoding=\"async\" class=\"aligncenter wp-image-2928\" src=\"http:\/\/biovis.com.br\/wp-content\/uploads\/2021\/07\/landing-page-higiexpo-secadores-03.png\" alt=\"\" width=\"718\" height=\"215\" \/><\/a><\/p>\n<p style=\"text-align: center;\">Todos os secadores de m\u00e3os Biovis possuem o selo de conformidade INMETRO 371\/2009.<\/p>\n<p style=\"text-align: center;\"><a title=\"N\u00e3o \u00e9 apenas o Covid-19 que estamos evitando ao lavar as m\u00e3os\" href=\"http:\/\/biovis.com.br\/tudo-que-evitamos-ao-lavar-as-maos\/\" target=\"_blank\" rel=\"noopener\">Baixe aqui<\/a> um comparativo de consumo dos secadores de m\u00e3os.<br \/>\nConhe\u00e7a todos os nossos modelos clicando no bot\u00e3o abaixo:<\/p>\n<p style=\"text-align: center;\"><strong><a class=\"maxbutton-49 maxbutton maxbutton-secadores-de-maos-higiexpo\" target=\"_blank\" title=\"Todos os modelos de secadores de m\u00e3os\" rel=\"noopener\" href=\"http:\/\/biovis.com.br\/categoria-produto\/secadores-de-maos\/\"><span class='mb-text'>VEJA MAIS<\/span><\/a><\/strong><\/p>\n<p>&nbsp;<\/p>\n<p>&nbsp;<\/p>\n<p><a href=\"http:\/\/biovis.com.br\/categoria-produto\/saboneteiras-sensor\/\" target=\"_blank\" rel=\"noopener\"><img loading=\"lazy\" decoding=\"async\" class=\"aligncenter wp-image-2963 \" src=\"http:\/\/biovis.com.br\/wp-content\/uploads\/2021\/07\/landing-page-higiexpo-secadores-04.png\" alt=\"\" width=\"522\" height=\"215\" \/><\/a><\/p>\n<p>&nbsp;<\/p>\n<p>&nbsp;<\/p>\n<p style=\"text-align: center;\">Estamos \u00e0 disposi\u00e7\u00e3o na\u00a0<a href=\"https:\/\/www.higiexpo.com.br\/\" target=\"_blank\" rel=\"noopener\">Higiexpo Digital<\/a> para esclarecer todas as suas d\u00favidas sobre os secadores de m\u00e3os e demais produtos.<\/p>\n<p style=\"text-align: center;\"><strong><a class=\"maxbutton-48 maxbutton maxbutton-entre-em-contato-higiexpo\" target=\"_blank\" title=\"Envie-nos uma mensagem\" rel=\"noopener\" href=\"http:\/\/biovis.com.br\/entre-em-contato\/\"><span class='mb-text'>FALE CONOSCO<\/span><\/a><\/strong><br \/>\n<strong>(44)3523-7884 \/ 99973-0029<br \/>\natendimento@biovis.com.br<\/strong><\/p>\n<p style=\"text-align: center;\"><a href=\"http:\/\/biovis.com.br\/revendas\/\" target=\"_blank\" rel=\"noopener\">Seja um revendedor Biovis e solicite um or\u00e7amento.<\/a><strong><br \/>\n<\/strong><\/p>\n<p style=\"text-align: center;\"><a href=\"http:\/\/biovis.com.br\/wp-content\/uploads\/2021\/08\/catalogo-virtual-biovis-2021.pdf\" target=\"_blank\" rel=\"noopener\">Baixe aqui<\/a> nosso cat\u00e1logo de produtos.<\/p>\n<p>&nbsp;<\/p>\n<h4 style=\"text-align: center;\">Muito obrigada por sua visita!<\/h4>\n<p>&nbsp;<\/p>\n<hr \/>\n<p style=\"text-align: center;\"><span style=\"color: #6cca98;\"><a style=\"color: #6cca98;\" href=\"http:\/\/biovis.com.br\/categoria-produto\/saboneteiras\/\" target=\"_blank\" rel=\"noopener\">SABONETEIRAS<\/a>\u00a0 \u00a0 \u00a0&#8211;\u00a0 \u00a0 \u00a0<a style=\"color: #6cca98;\" href=\"http:\/\/biovis.com.br\/categoria-produto\/toalheiros\/\" target=\"_blank\" rel=\"noopener\">TOALHEIROS<\/a>\u00a0 \u00a0 \u00a0&#8211; \u00a0 \u00a0\u00a0<a style=\"color: #6cca98;\" href=\"http:\/\/biovis.com.br\/categoria-produto\/lixeira\/\" target=\"_blank\" rel=\"noopener\">LIXEIRAS<\/a>\u00a0 \u00a0 \u00a0&#8211;\u00a0 \u00a0 \u00a0<a href=\"http:\/\/biovis.com.br\/categoria-produto\/torneiras\/\" target=\"_blank\" rel=\"noopener\"><span style=\"color: #6cca98;\">TORNEIRAS<\/span><\/a><\/span><\/p>\n<p>&nbsp;<\/p>\n","protected":false},"excerpt":{"rendered":"<p>&nbsp; Os Secadores de M\u00e3os Biovis sempre foram refer\u00eancia em inova\u00e7\u00e3o. Eles s\u00e3o \u00f3timas alternativas para quem quer economizar e deixar seu estabelecimento mais moderno, bonito e organizado. Al\u00e9m disso, ao substituir o papel toalha por um secador, voc\u00ea reduz o consumo de papel e a gera\u00e7\u00e3o de lixo, contribuindo com o meio ambiente! Aqui [&hellip;]<\/p>\n","protected":false},"author":2,"featured_media":0,"parent":0,"menu_order":0,"comment_status":"closed","ping_status":"closed","template":"","meta":{"_joinchat":[],"footnotes":""},"class_list":["post-2919","page","type-page","status-publish","hentry"],"aioseo_notices":[],"_links":{"self":[{"href":"https:\/\/biovis.com.br\/en\/wp-json\/wp\/v2\/pages\/2919","targetHints":{"allow":["GET"]}}],"collection":[{"href":"https:\/\/biovis.com.br\/en\/wp-json\/wp\/v2\/pages"}],"about":[{"href":"https:\/\/biovis.com.br\/en\/wp-json\/wp\/v2\/types\/page"}],"author":[{"embeddable":true,"href":"https:\/\/biovis.com.br\/en\/wp-json\/wp\/v2\/users\/2"}],"replies":[{"embeddable":true,"href":"https:\/\/biovis.com.br\/en\/wp-json\/wp\/v2\/comments?post=2919"}],"version-history":[{"count":32,"href":"https:\/\/biovis.com.br\/en\/wp-json\/wp\/v2\/pages\/2919\/revisions"}],"predecessor-version":[{"id":3071,"href":"https:\/\/biovis.com.br\/en\/wp-json\/wp\/v2\/pages\/2919\/revisions\/3071"}],"wp:attachment":[{"href":"https:\/\/biovis.com.br\/en\/wp-json\/wp\/v2\/media?parent=2919"}],"curies":[{"name":"wp","href":"https:\/\/api.w.org\/{rel}","templated":true}]}}