{"id":2915,"date":"2021-07-23T11:30:38","date_gmt":"2021-07-23T14:30:38","guid":{"rendered":"http:\/\/biovis.com.br\/?page_id=2915"},"modified":"2021-08-03T09:37:34","modified_gmt":"2021-08-03T12:37:34","slug":"higiexpo-2021-produtos-em-inox","status":"publish","type":"page","link":"https:\/\/biovis.com.br\/en\/higiexpo-2021-produtos-em-inox\/","title":{"rendered":"Produtos em Inox"},"content":{"rendered":"<p><a href=\"http:\/\/biovis.com.br\/categoria-produto\/produtos-em-aco-inox\/\" target=\"_blank\" rel=\"noopener\"><img loading=\"lazy\" decoding=\"async\" class=\"aligncenter wp-image-2916\" src=\"http:\/\/biovis.com.br\/wp-content\/uploads\/2021\/07\/landing-page-higiexpo-inox.png\" alt=\"\" width=\"1080\" height=\"324\" \/><\/a><\/p>\n<p>&nbsp;<\/p>\n<p style=\"text-align: center;\">Resistente a corros\u00e3o e esteticamente agrad\u00e1vel, o A\u00e7o Inox tem se tornado uma prefer\u00eancia pelos mais diversos mercados, desde utens\u00edlios dom\u00e9sticos at\u00e9 equipamentos industriais de grande porte. Na \u00e1rea da higiene e sa\u00fade, ele \u00e9 muito indicado pois sua superf\u00edcie apresenta baixa rugosidade, impedindo o ac\u00famulo de impurezas e micro-organismos.<\/p>\n<p>&nbsp;<\/p>\n<p><a href=\"http:\/\/biovis.com.br\/categoria-produto\/produtos-em-aco-inox\/\" target=\"_blank\" rel=\"noopener\"><img loading=\"lazy\" decoding=\"async\" class=\"aligncenter wp-image-3005\" src=\"http:\/\/biovis.com.br\/wp-content\/uploads\/2021\/07\/landing-page-higiexpo-inox-03s.png\" alt=\"\" width=\"805\" height=\"214\" \/><\/a><\/p>\n<p>&nbsp;<\/p>\n<h4 style=\"text-align: center;\">Aqui na Biovis, o a\u00e7o inox \u00e9 uma das principais mat\u00e9ria-prima dos nossos produtos!<\/h4>\n<p>&nbsp;<\/p>\n<p><a href=\"http:\/\/biovis.com.br\/categoria-produto\/produtos-em-aco-inox\/\" target=\"_blank\" rel=\"noopener\"><img loading=\"lazy\" decoding=\"async\" class=\"aligncenter wp-image-2948\" src=\"http:\/\/biovis.com.br\/wp-content\/uploads\/2021\/07\/landing-page-higiexpo-inox-01.png\" alt=\"\" width=\"805\" height=\"214\" \/><\/a><\/p>\n<p>&nbsp;<\/p>\n<p style=\"text-align: center;\">Em nosso cat\u00e1logo voc\u00ea encontra saboneteiras, toalheiros, porta papel higi\u00eanico e lixeiras, produzidos com a\u00e7o inox de qualidade, em diferentes tamanhos e acabamentos, para que voc\u00ea possa atender a necessidade de todos os seus clientes!<\/p>\n<p style=\"text-align: center;\">Conhe\u00e7a todos os nossos produtos em A\u00e7o Inox clicando no bot\u00e3o abaixo:<br \/>\n<strong><br \/>\n<a class=\"maxbutton-50 maxbutton maxbutton-produtos-inox-higiexpo\" target=\"_blank\" title=\"Todos os nossos produtos em A\u00e7o Inox\" rel=\"noopener\" href=\"http:\/\/biovis.com.br\/categoria-produto\/produtos-em-aco-inox\/\"><span class='mb-text'>VEJA MAIS<\/span><\/a><\/strong><\/p>\n<p>&nbsp;<\/p>\n<p>&nbsp;<\/p>\n<p style=\"text-align: center;\"><a href=\"http:\/\/biovis.com.br\/categoria-produto\/linha-plastica\/\" target=\"_blank\" rel=\"noopener\"><img loading=\"lazy\" decoding=\"async\" class=\"aligncenter wp-image-2962\" src=\"http:\/\/biovis.com.br\/wp-content\/uploads\/2021\/07\/landing-page-higiexpo-inox-04.png\" alt=\"\" width=\"523\" height=\"215\" \/><\/a><\/p>\n<p>&nbsp;<\/p>\n<p>&nbsp;<\/p>\n<p style=\"text-align: center;\">Estamos \u00e0 disposi\u00e7\u00e3o na\u00a0<a href=\"https:\/\/www.higiexpo.com.br\/\" target=\"_blank\" rel=\"noopener\">Higiexpo Digital<\/a> para esclarecer todas as suas d\u00favidas sobre as linhas em inox e demais produtos.<\/p>\n<p style=\"text-align: center;\"><strong><a class=\"maxbutton-48 maxbutton maxbutton-entre-em-contato-higiexpo\" target=\"_blank\" title=\"Envie-nos uma mensagem\" rel=\"noopener\" href=\"http:\/\/biovis.com.br\/entre-em-contato\/\"><span class='mb-text'>FALE CONOSCO<\/span><\/a><\/strong><br \/>\n<strong>(44)3523-7884 \/ 99973-0029<br \/>\natendimento@biovis.com.br<\/strong><\/p>\n<p style=\"text-align: center;\"><a href=\"http:\/\/biovis.com.br\/revendas\/\" target=\"_blank\" rel=\"noopener\">Seja um revendedor Biovis e solicite um or\u00e7amento.<\/a><strong><br \/>\n<\/strong><\/p>\n<p style=\"text-align: center;\"><a href=\"http:\/\/biovis.com.br\/wp-content\/uploads\/2021\/08\/catalogo-virtual-biovis-2021.pdf\" target=\"_blank\" rel=\"noopener\">Baixe aqui<\/a> nosso cat\u00e1logo de produtos.<\/p>\n<p>&nbsp;<\/p>\n<h4 style=\"text-align: center;\">Muito obrigada por sua visita!<\/h4>\n<p>&nbsp;<\/p>\n<hr \/>\n<p style=\"text-align: center;\"><span style=\"color: #6cca98;\"><a style=\"color: #6cca98;\" href=\"http:\/\/biovis.com.br\/categoria-produto\/saboneteiras\/\" target=\"_blank\" rel=\"noopener\">SABONETEIRAS<\/a>\u00a0 \u00a0 \u00a0&#8211;\u00a0 \u00a0 \u00a0<a style=\"color: #6cca98;\" href=\"http:\/\/biovis.com.br\/categoria-produto\/toalheiros\/\" target=\"_blank\" rel=\"noopener\">TOALHEIROS<\/a>\u00a0 \u00a0 \u00a0&#8211;\u00a0 \u00a0 \u00a0<a style=\"color: #6cca98;\" href=\"http:\/\/biovis.com.br\/categoria-produto\/secadores-de-maos\/\" target=\"_blank\" rel=\"noopener\">SECADORES DE M\u00c3OS<\/a>\u00a0 \u00a0 \u00a0&#8211;\u00a0 \u00a0 \u00a0<a style=\"color: #6cca98;\" href=\"http:\/\/biovis.com.br\/categoria-produto\/lixeira\/\" target=\"_blank\" rel=\"noopener\">LIXEIRAS<\/a><\/span><\/p>\n<p>&nbsp;<\/p>\n","protected":false},"excerpt":{"rendered":"<p>&nbsp; Resistente a corros\u00e3o e esteticamente agrad\u00e1vel, o A\u00e7o Inox tem se tornado uma prefer\u00eancia pelos mais diversos mercados, desde utens\u00edlios dom\u00e9sticos at\u00e9 equipamentos industriais de grande porte. Na \u00e1rea da higiene e sa\u00fade, ele \u00e9 muito indicado pois sua superf\u00edcie apresenta baixa rugosidade, impedindo o ac\u00famulo de impurezas e micro-organismos. &nbsp; &nbsp; Aqui na [&hellip;]<\/p>\n","protected":false},"author":2,"featured_media":0,"parent":0,"menu_order":0,"comment_status":"closed","ping_status":"closed","template":"","meta":{"_joinchat":[],"footnotes":""},"class_list":["post-2915","page","type-page","status-publish","hentry"],"aioseo_notices":[],"_links":{"self":[{"href":"https:\/\/biovis.com.br\/en\/wp-json\/wp\/v2\/pages\/2915","targetHints":{"allow":["GET"]}}],"collection":[{"href":"https:\/\/biovis.com.br\/en\/wp-json\/wp\/v2\/pages"}],"about":[{"href":"https:\/\/biovis.com.br\/en\/wp-json\/wp\/v2\/types\/page"}],"author":[{"embeddable":true,"href":"https:\/\/biovis.com.br\/en\/wp-json\/wp\/v2\/users\/2"}],"replies":[{"embeddable":true,"href":"https:\/\/biovis.com.br\/en\/wp-json\/wp\/v2\/comments?post=2915"}],"version-history":[{"count":44,"href":"https:\/\/biovis.com.br\/en\/wp-json\/wp\/v2\/pages\/2915\/revisions"}],"predecessor-version":[{"id":3069,"href":"https:\/\/biovis.com.br\/en\/wp-json\/wp\/v2\/pages\/2915\/revisions\/3069"}],"wp:attachment":[{"href":"https:\/\/biovis.com.br\/en\/wp-json\/wp\/v2\/media?parent=2915"}],"curies":[{"name":"wp","href":"https:\/\/api.w.org\/{rel}","templated":true}]}}