{"id":2894,"date":"2021-07-23T10:17:31","date_gmt":"2021-07-23T13:17:31","guid":{"rendered":"http:\/\/biovis.com.br\/?page_id=2894"},"modified":"2021-08-03T09:39:12","modified_gmt":"2021-08-03T12:39:12","slug":"higiexpo-2021-lancamentos","status":"publish","type":"page","link":"https:\/\/biovis.com.br\/en\/higiexpo-2021-lancamentos\/","title":{"rendered":"Lan\u00e7amentos Biovis"},"content":{"rendered":"<p><a href=\"http:\/\/biovis.com.br\/\" target=\"_blank\" rel=\"noopener\"><img loading=\"lazy\" decoding=\"async\" class=\"aligncenter wp-image-2903 \" src=\"http:\/\/biovis.com.br\/wp-content\/uploads\/2021\/07\/landing-page-lancamentos-higiexpo.png\" alt=\"\" width=\"1080\" height=\"324\" \/><\/a><\/p>\n<h4><\/h4>\n<p>&nbsp;<\/p>\n<p style=\"text-align: center;\">Em todas as nossas participa\u00e7\u00f5es da <a href=\"https:\/\/www.higiexpo.com.br\/\" target=\"_blank\" rel=\"noopener\">Higiexpo<\/a> buscamos levar uma novidade para nossos cliente.<br \/>\nNesta edi\u00e7\u00e3o, apresentamos 2 novos produtos. Confira:<\/p>\n<p>&nbsp;<\/p>\n<p><a href=\"http:\/\/biovis.com.br\/wp-content\/uploads\/2021\/07\/landing-page-lancamentos-higiexpo-02b.png\"><img loading=\"lazy\" decoding=\"async\" class=\"aligncenter size-full wp-image-3004\" src=\"http:\/\/biovis.com.br\/wp-content\/uploads\/2021\/07\/landing-page-lancamentos-higiexpo-02b.png\" alt=\"\" width=\"940\" height=\"718\" \/><\/a><\/p>\n<p>&nbsp;<\/p>\n<p><a href=\"http:\/\/biovis.com.br\/produto\/bioclean\/\" target=\"_blank\" rel=\"noopener\"><img loading=\"lazy\" decoding=\"async\" class=\"aligncenter wp-image-3002\" src=\"http:\/\/biovis.com.br\/wp-content\/uploads\/2021\/07\/landing-page-lancamentos-higiexpo-04n.png\" alt=\"\" width=\"488\" height=\"123\" \/><\/a><\/p>\n<p>&nbsp;<\/p>\n<p><a href=\"http:\/\/biovis.com.br\/produto\/biosin\/\" target=\"_blank\" rel=\"noopener\"><img loading=\"lazy\" decoding=\"async\" class=\"aligncenter wp-image-3001\" src=\"http:\/\/biovis.com.br\/wp-content\/uploads\/2021\/07\/landing-page-lancamentos-higiexpo-03n.png\" alt=\"\" width=\"488\" height=\"123\" \/><\/a><\/p>\n<p>&nbsp;<\/p>\n<p>&nbsp;<\/p>\n<p style=\"text-align: center;\">Estamos \u00e0 disposi\u00e7\u00e3o na\u00a0Higiexpo Digital para esclarecer todas as suas d\u00favidas:<\/p>\n<p style=\"text-align: center;\"><strong><a class=\"maxbutton-48 maxbutton maxbutton-entre-em-contato-higiexpo\" target=\"_blank\" title=\"Envie-nos uma mensagem\" rel=\"noopener\" href=\"http:\/\/biovis.com.br\/entre-em-contato\/\"><span class='mb-text'>FALE CONOSCO<\/span><\/a><\/strong><br \/>\n<strong>(44)3523-7884 \/ 99973-0029<br \/>\natendimento@biovis.com.br<\/strong><\/p>\n<p style=\"text-align: center;\"><a href=\"http:\/\/biovis.com.br\/revendas\/\" target=\"_blank\" rel=\"noopener\">Seja um revendedor Biovis e solicite um or\u00e7amento.<\/a><strong><br \/>\n<\/strong><\/p>\n<p style=\"text-align: center;\"><a href=\"http:\/\/biovis.com.br\/wp-content\/uploads\/2021\/08\/catalogo-virtual-biovis-2021.pdf\" target=\"_blank\" rel=\"noopener\">Baixe aqui<\/a> nosso cat\u00e1logo de produtos.<\/p>\n<p>&nbsp;<\/p>\n<h4 style=\"text-align: center;\">Muito obrigada por sua visita!<\/h4>\n<p>&nbsp;<\/p>\n<hr \/>\n<p style=\"text-align: center;\"><span style=\"color: #6cca98;\"><a style=\"color: #6cca98;\" href=\"http:\/\/biovis.com.br\/categoria-produto\/saboneteiras\/\" target=\"_blank\" rel=\"noopener\">SABONETEIRAS<\/a>\u00a0 \u00a0 \u00a0&#8211;\u00a0 \u00a0 \u00a0<a style=\"color: #6cca98;\" href=\"http:\/\/biovis.com.br\/categoria-produto\/toalheiros\/\" target=\"_blank\" rel=\"noopener\">TOALHEIROS<\/a>\u00a0 \u00a0 \u00a0&#8211;\u00a0 \u00a0 \u00a0<a style=\"color: #6cca98;\" href=\"http:\/\/biovis.com.br\/categoria-produto\/secadores-de-maos\/\" target=\"_blank\" rel=\"noopener\">SECADORES DE M\u00c3OS<\/a>\u00a0 \u00a0 \u00a0&#8211;\u00a0 \u00a0 \u00a0<a style=\"color: #6cca98;\" href=\"http:\/\/biovis.com.br\/categoria-produto\/lixeira\/\" target=\"_blank\" rel=\"noopener\">LIXEIRAS<\/a><\/span><\/p>\n<p>&nbsp;<\/p>\n","protected":false},"excerpt":{"rendered":"<p>&nbsp; Em todas as nossas participa\u00e7\u00f5es da Higiexpo buscamos levar uma novidade para nossos cliente. Nesta edi\u00e7\u00e3o, apresentamos 2 novos produtos. Confira: &nbsp; &nbsp; &nbsp; &nbsp; &nbsp; Estamos \u00e0 disposi\u00e7\u00e3o na\u00a0Higiexpo Digital para esclarecer todas as suas d\u00favidas: (44)3523-7884 \/ 99973-0029 atendimento@biovis.com.br Seja um revendedor Biovis e solicite um or\u00e7amento. Baixe aqui nosso cat\u00e1logo de [&hellip;]<\/p>\n","protected":false},"author":2,"featured_media":0,"parent":0,"menu_order":0,"comment_status":"closed","ping_status":"closed","template":"","meta":{"_joinchat":[],"footnotes":""},"class_list":["post-2894","page","type-page","status-publish","hentry"],"aioseo_notices":[],"_links":{"self":[{"href":"https:\/\/biovis.com.br\/en\/wp-json\/wp\/v2\/pages\/2894","targetHints":{"allow":["GET"]}}],"collection":[{"href":"https:\/\/biovis.com.br\/en\/wp-json\/wp\/v2\/pages"}],"about":[{"href":"https:\/\/biovis.com.br\/en\/wp-json\/wp\/v2\/types\/page"}],"author":[{"embeddable":true,"href":"https:\/\/biovis.com.br\/en\/wp-json\/wp\/v2\/users\/2"}],"replies":[{"embeddable":true,"href":"https:\/\/biovis.com.br\/en\/wp-json\/wp\/v2\/comments?post=2894"}],"version-history":[{"count":29,"href":"https:\/\/biovis.com.br\/en\/wp-json\/wp\/v2\/pages\/2894\/revisions"}],"predecessor-version":[{"id":2897,"href":"https:\/\/biovis.com.br\/en\/wp-json\/wp\/v2\/pages\/2894\/revisions\/2897"}],"wp:attachment":[{"href":"https:\/\/biovis.com.br\/en\/wp-json\/wp\/v2\/media?parent=2894"}],"curies":[{"name":"wp","href":"https:\/\/api.w.org\/{rel}","templated":true}]}}