{"id":2774,"date":"2021-04-01T12:21:56","date_gmt":"2021-04-01T15:21:56","guid":{"rendered":"http:\/\/biovis.com.br\/?page_id=2774"},"modified":"2021-04-01T15:09:51","modified_gmt":"2021-04-01T18:09:51","slug":"politica-de-troca-e-devolucao","status":"publish","type":"page","link":"https:\/\/biovis.com.br\/en\/politica-de-troca-e-devolucao\/","title":{"rendered":"Pol\u00edtica de Troca e Devolu\u00e7\u00e3o"},"content":{"rendered":"<p><strong>TROCA E DEVULO\u00c7\u00c3O<\/strong><\/p>\n<p>O prazo para troca ou devolu\u00e7\u00e3o \u00e9 de at\u00e9 7 (sete) dias corridos a contar da data do recebimento da mercadoria. Antes de envi\u00e1-la, entre em contato com nossa Central de Atendimento para as devidas orienta\u00e7\u00f5es.<\/p>\n<p>Para a solicita\u00e7\u00e3o ser atendida, o produto deve estar em perfeito estado, com todos os acess\u00f3rios, manual, sem viola\u00e7\u00e3o do lacre\/etiqueta de garantia e sem ind\u00edcios de uso ou instala\u00e7\u00e3o inadequada. Informamos que a solicita\u00e7\u00e3o fora do prazo, sem aviso pr\u00e9vio ou com aus\u00eancia dos acess\u00f3rios poder\u00e3o ser recusadas.<\/p>\n<p>&nbsp;<\/p>\n<p><strong>PRODUTO COM DEFEITO<\/strong><\/p>\n<p>Ao identificar que o produto apresenta algum defeito, o cliente dever\u00e1 entrar em contato com nossa Central de Atendimento para as devidas orienta\u00e7\u00f5es.<\/p>\n<p>Em caso de conserto, o prazo para an\u00e1lise e devolu\u00e7\u00e3o da mercadoria \u00e9 de at\u00e9 30 (trinta) dias corridos a contar da data do recebimento do produto em nosso estoque, mas temos como meta agilizar e solucionar com menor tempo poss\u00edvel. A Biovis se isenta da obriga\u00e7\u00e3o de trocar ou consertar qualquer produto cujo problema tenha sido ocasionado por mau uso ou instala\u00e7\u00e3o inadequada.<\/p>\n<p>&nbsp;<\/p>\n<p><strong>RECEBIMENTO DA MERCADORIA<\/strong><\/p>\n<p>Instru\u00edmos efetuar a inspe\u00e7\u00e3o e confer\u00eancia da mercadoria no ato da entrega. Havendo qualquer avaria ou falta de algum produto, entre em contato com a Biovis no prazo de at\u00e9 7 (sete) dias corridos para as devidas orienta\u00e7\u00f5es.<\/p>\n<p>MUITO IMPORTANTE:<br \/>\nRessaltamos a import\u00e2ncia da confer\u00eancia da quantidade de volumes no ato da entrega ainda na presen\u00e7a do entregador. Havendo qualquer falta, mencionar por escrito no verso do conhecimento de embarque do transportador, recusar a mercadoria e em seguida entrar em contato com a Biovis. Em caso de recebimento da mercadoria com falta de volumes, a troca ou devolu\u00e7\u00e3o poder\u00e3o ser recusadas.<strong><br \/>\n<\/strong><\/p>\n<p>&nbsp;<\/p>\n<p><strong>CDC &#8211; Lei n\u00ba 8.078 de 11 de Setembro de 1990<\/strong><br \/>\nDisp\u00f5e sobre a prote\u00e7\u00e3o do consumidor e d\u00e1 outras provid\u00eancias.<br \/>\n<strong><br \/>\nArt. 49.<\/strong> O consumidor pode desistir do contrato, no prazo de 7 dias a contar de sua assinatura ou do ato de recebimento do produto ou servi\u00e7o, sempre que a contrata\u00e7\u00e3o de fornecimento de produtos e servi\u00e7os ocorrer fora do estabelecimento comercial, especialmente por telefone ou a domic\u00edlio.<\/p>\n<p><strong>Par\u00e1grafo \u00fanico.<\/strong> Se o consumidor exercitar o direito de arrependimento previsto neste artigo, os valores eventualmente pagos, a qualquer\u00a0 t\u00edtulo, durante o prazo de reflex\u00e3o, ser\u00e3o devolvidos, de imediato, monetariamente atualizados.<\/p>\n<p><strong>Art. 18.<\/strong> Os fornecedores de produtos de consumo dur\u00e1veis ou n\u00e3o dur\u00e1veis respondem solidariamente pelos v\u00edcios de qualidade ou quantidade que os tornem impr\u00f3prios ou inadequados ao consumo a que se destinam ou lhes diminuam o valor, assim como por aqueles decorrentes da disparidade, com a indica\u00e7\u00f5es constantes do recipiente, da embalagem, rotulagem ou mensagem publicit\u00e1ria, respeitadas as varia\u00e7\u00f5es decorrentes de sua natureza, podendo o consumidor exigir a substitui\u00e7\u00e3o das partes viciadas.<br \/>\n\u00a7 1\u00ba N\u00e3o sendo o v\u00edcio sanado no prazo m\u00e1ximo de trinta dias, pode o consumidor exigir, alternativamente e \u00e0 sua escolha:<br \/>\nI &#8211; a substitui\u00e7\u00e3o do produto por outro da mesma esp\u00e9cie, em perfeitas condi\u00e7\u00f5es de uso;<br \/>\nII &#8211; a restitui\u00e7\u00e3o imediata da quantia paga, monetariamente atualizada, sem preju\u00edzo de eventuais perdas e danos;<br \/>\nIII &#8211; o abatimento proporcional do pre\u00e7o.<\/p>\n","protected":false},"excerpt":{"rendered":"<p>TROCA E DEVULO\u00c7\u00c3O O prazo para troca ou devolu\u00e7\u00e3o \u00e9 de at\u00e9 7 (sete) dias corridos a contar da data do recebimento da mercadoria. Antes de envi\u00e1-la, entre em contato com nossa Central de Atendimento para as devidas orienta\u00e7\u00f5es. Para a solicita\u00e7\u00e3o ser atendida, o produto deve estar em perfeito estado, com todos os acess\u00f3rios, [&hellip;]<\/p>\n","protected":false},"author":2,"featured_media":0,"parent":0,"menu_order":0,"comment_status":"closed","ping_status":"closed","template":"","meta":{"_joinchat":[],"footnotes":""},"class_list":["post-2774","page","type-page","status-publish","hentry"],"aioseo_notices":[],"_links":{"self":[{"href":"https:\/\/biovis.com.br\/en\/wp-json\/wp\/v2\/pages\/2774","targetHints":{"allow":["GET"]}}],"collection":[{"href":"https:\/\/biovis.com.br\/en\/wp-json\/wp\/v2\/pages"}],"about":[{"href":"https:\/\/biovis.com.br\/en\/wp-json\/wp\/v2\/types\/page"}],"author":[{"embeddable":true,"href":"https:\/\/biovis.com.br\/en\/wp-json\/wp\/v2\/users\/2"}],"replies":[{"embeddable":true,"href":"https:\/\/biovis.com.br\/en\/wp-json\/wp\/v2\/comments?post=2774"}],"version-history":[{"count":5,"href":"https:\/\/biovis.com.br\/en\/wp-json\/wp\/v2\/pages\/2774\/revisions"}],"predecessor-version":[{"id":2786,"href":"https:\/\/biovis.com.br\/en\/wp-json\/wp\/v2\/pages\/2774\/revisions\/2786"}],"wp:attachment":[{"href":"https:\/\/biovis.com.br\/en\/wp-json\/wp\/v2\/media?parent=2774"}],"curies":[{"name":"wp","href":"https:\/\/api.w.org\/{rel}","templated":true}]}}