{"id":2649,"date":"2021-01-15T13:30:04","date_gmt":"2021-01-15T16:30:04","guid":{"rendered":"http:\/\/biovis.com.br\/?page_id=2649"},"modified":"2021-10-29T14:23:26","modified_gmt":"2021-10-29T17:23:26","slug":"politica-de-privacidade","status":"publish","type":"page","link":"https:\/\/biovis.com.br\/en\/politica-de-privacidade\/","title":{"rendered":"Pol\u00edtica de privacidade"},"content":{"rendered":"<h3>1. INTRODU\u00c7\u00c3O<\/h3>\n<p>A <strong>VISIUM BIOSSEGURANCA LTDA.<\/strong> (\u201c<strong>BIOVIS<\/strong>\u201d), pessoa jur\u00eddica de direito privado, inscrita no CNPJ n\u00ba 05.798.965\/0001-95, com sede na Rua Dr. Ari Geraldo Assun\u00e7\u00e3o, n\u00ba 89, Jd. N. Sra. Aparecida, Campo Mour\u00e3o \u2013 PR, CEP 87309-240, refer\u00eancia na \u00e1rea de equipamentos de higiene e limpeza institucional, em busca de constante aprimoramento, estabelece a presente <strong>Pol\u00edtica Externa de Privacidade <\/strong>(\u201c<strong>Pol\u00edtica<\/strong>\u201d).<\/p>\n<p>A <strong>BIOVIS<\/strong> preza pela conformidade das suas pr\u00e1ticas relativas \u00e0 privacidade e prote\u00e7\u00e3o de Dados Pessoais, em raz\u00e3o disso e por estar em aprimoramento constante, apresenta esta <strong>Pol\u00edtica Externa de Privacidade<\/strong>.<\/p>\n<p>&nbsp;<\/p>\n<h3>2. OBJETIVO<\/h3>\n<p>Em conformidade com as normativas vigentes sobre Privacidade e Prote\u00e7\u00e3o de Dados Pessoais, a presente <strong>Pol\u00edtica Interna de Privacidade<\/strong> (\u201cPol\u00edtica\u201d), publicada pela <strong>BIOVIS<\/strong>, demonstra apresenta como s\u00e3o tratados, coletados, acessados, armazenados, utilizados, protegidos e compartilhados os Dados Pessoais coletados do p\u00fablico em geral, compactuando com o compromisso que a Empresa tem atuado para garantir a prote\u00e7\u00e3o daqueles que confiam os Dados Pessoais \u00e0 <strong>BIOVIS<\/strong>.<\/p>\n<p>Efetiva-se o compromisso de agir com transpar\u00eancia e \u00e9tica em todas as opera\u00e7\u00f5es, estendendo-se aos \u00f3rg\u00e3os p\u00fablicos e entidades com os quais a <strong>BIOVIS<\/strong> tenha intera\u00e7\u00e3o.<\/p>\n<table width=\"100%\">\n<tbody>\n<tr>\n<td><strong>Disponibiliza-se, ao final desta Pol\u00edtica, o canal de contato espec\u00edfico para atendimento dos colaboradores sobre as quest\u00f5es aqui previstas.<\/strong><\/td>\n<\/tr>\n<\/tbody>\n<\/table>\n<p>&nbsp;<\/p>\n<h3>3. DEFINI\u00c7\u00d5ES SOBRE PRIVACIDADE E PROTE\u00c7\u00c3O DE DADOS PESSOAIS<\/h3>\n<p>Este documento cont\u00e9m termos t\u00e9cnicos, cujas defini\u00e7\u00f5es s\u00e3o:<\/p>\n<ul>\n<li><strong>Dado Pessoal:<\/strong> informa\u00e7\u00e3o relacionada \u00e0 pessoa natural identificada ou identific\u00e1vel;<\/li>\n<li><strong>Dado Pessoal Sens\u00edvel:<\/strong> dado pessoal sobre origem racial ou \u00e9tnica, convic\u00e7\u00e3o religiosa, opini\u00e3o pol\u00edtica, filia\u00e7\u00e3o a sindicato ou a organiza\u00e7\u00e3o de car\u00e1ter religioso, filos\u00f3fico ou pol\u00edtico, dado referente \u00e0 sa\u00fade ou \u00e0 vida sexual, dado gen\u00e9tico ou biom\u00e9trico, quando vinculado a uma pessoa natural;<\/li>\n<li><strong>Titular:<\/strong> pessoa natural a quem se referem os Dados Pessoais que s\u00e3o objeto de tratamento;<\/li>\n<li><strong>Tratamento:<\/strong> toda opera\u00e7\u00e3o realizada com Dados Pessoais, como as que se referem a coleta, produ\u00e7\u00e3o, recep\u00e7\u00e3o, classifica\u00e7\u00e3o, utiliza\u00e7\u00e3o, acesso, reprodu\u00e7\u00e3o, transmiss\u00e3o, distribui\u00e7\u00e3o, processamento, arquivamento, armazenamento, elimina\u00e7\u00e3o, avalia\u00e7\u00e3o ou controle da informa\u00e7\u00e3o, modifica\u00e7\u00e3o, comunica\u00e7\u00e3o, transfer\u00eancia, difus\u00e3o ou extra\u00e7\u00e3o;<\/li>\n<li><strong>Finalidade:<\/strong> motivo pelo qual o dado pessoal ser\u00e1 tratado. A finalidade dever\u00e1 ser leg\u00edtima, espec\u00edfica, expl\u00edcita e informada ao titular;<\/li>\n<li><strong>Controlador:<\/strong> pessoa natural ou jur\u00eddica, de direito p\u00fablico ou privado, a quem competem as decis\u00f5es referentes ao tratamento de Dados Pessoais;<\/li>\n<li><strong>Operador:<\/strong> pessoa natural ou jur\u00eddica, de direito p\u00fablico ou privado, que realiza o tratamento de Dados Pessoais em nome do controlador;<\/li>\n<li><strong>Encarregado(a) pelo Tratamento de Dados Pessoais:<\/strong> pessoa indicada pelo controlador e operador para atuar como canal de comunica\u00e7\u00e3o entre o controlador, os titulares dos dados e a Autoridade Nacional de Prote\u00e7\u00e3o de Dados (ANPD);<\/li>\n<li><strong>Banco de Dados:<\/strong> conjunto estruturado de Dados Pessoais, estabelecido em um ou em v\u00e1rios locais, em suporte eletr\u00f4nico ou f\u00edsico;<\/li>\n<li><strong>Lei Geral de Prote\u00e7\u00e3o de Dados Pessoais (LGPD): <\/strong>A Lei n\u00ba 13.709 de 14 de agosto de 2018, tamb\u00e9m conhecida como Lei Geral de Prote\u00e7\u00e3o de Dados Pessoais, ou ainda LGPD, disp\u00f5e legalmente sobre o tratamento de Dados Pessoais no Brasil, tanto por meios digitais e f\u00edsicos, por pessoa natural ou por pessoa jur\u00eddica de direito p\u00fablico ou privado, com o objetivo de proteger os direitos fundamentais de liberdade e de privacidade e o livre desenvolvimento da personalidade da pessoa natural.<\/li>\n<\/ul>\n<p>&nbsp;<\/p>\n<h3>4. DADOS FORNECIDOS \u00c0 BIOVIS<\/h3>\n<p>Os Dados Pessoais fornecidos ser\u00e3o utilizados para viabilizar a presta\u00e7\u00e3o de servi\u00e7o, oferecer benef\u00edcios e cumprir com as obriga\u00e7\u00f5es previstas em leis ou regulamenta\u00e7\u00f5es espec\u00edficas e quando constatadas necessidade, ap\u00f3s o fim do tratamento, ou conforme designado por normativa vigente, ser\u00e1 realizado o descarte com o cuidado espec\u00edfico.<\/p>\n<p>Assim, a coleta de Dados Pessoais \u00e9 realizada por diferentes meios, abaixo, apontam-se quais opera\u00e7\u00f5es coletam dados, assim como quais tipos de dados s\u00e3o coletados atrav\u00e9s delas:<\/p>\n<p>&nbsp;<\/p>\n<p><strong>NEWSLETTER<\/strong><\/p>\n<p>Os usu\u00e1rios interessados podem se inscrever informando nome e e-mail para receber nossas comunica\u00e7\u00f5es.<\/p>\n<p><strong>SEJA UM REVENDEDOR<\/strong><\/p>\n<p>Disponibilizamos em nosso site formul\u00e1rio para a coleta de nome, e-mail, telefone e estado de usu\u00e1rios que desejam se candidatar \u00e0 revenda dos produtos Biovis.<\/p>\n<p><strong>SOLICITE UM OR\u00c7AMENTO<\/strong><\/p>\n<p>Pessoas que desejam obter um or\u00e7amento podem solicit\u00e1-lo atrav\u00e9s do nosso site, informando nome, e-mail, telefone e estado para que possamos melhor direcionar o atendimento.<\/p>\n<p><strong>FALE CONOSCO<\/strong><\/p>\n<p>Possu\u00edmos um canal para comunica\u00e7\u00f5es gerais, no qual o usu\u00e1rio informa seu nome, e-mail e telefone e escreve uma mensagem com sua solicita\u00e7\u00e3o.<\/p>\n<p>&nbsp;<\/p>\n<p><strong>CHAT<\/strong><\/p>\n<p>Contamos ainda com a op\u00e7\u00e3o de contato atrav\u00e9s de chat, pelo qual podem ser coletados dados para viabiliza\u00e7\u00e3o do atendimento.<\/p>\n<p>Todos os dados coletados s\u00e3o utilizados exclusivamente para os fins declarados acima e armazenados pelo prazo necess\u00e1rio para que seja atingido o objetivo do contato.<\/p>\n<p>&nbsp;<\/p>\n<h3>5. DADOS PESSOAIS DADOS COLETADOS PELA BIOVIS<\/h3>\n<p>As informa\u00e7\u00f5es anteriores elencadas s\u00e3o fornecidas para a <strong>BIOVIS<\/strong>, mas existem dados que podem ser coletados automaticamente, quando utilizados um dos servi\u00e7os. Por exemplo:<\/p>\n<ul>\n<li>Dados de dispositivos m\u00f3veis a partir dos acessos \u00e0 plataforma digital e outras informa\u00e7\u00f5es como o tipo e vers\u00e3o do navegador utilizado;<\/li>\n<li>Dados de logs;<\/li>\n<li>O endere\u00e7o de IP;<\/li>\n<li>Dados de imagem pessoais das c\u00e2meras de seguran\u00e7a, quando ocorrer comparecimento a um dos ambientes f\u00edsicos que contenham esse registro de imagem.<\/li>\n<li>Dados de Cookies, tais como:<\/li>\n<\/ul>\n<p>&nbsp;<\/p>\n<table>\n<tbody>\n<tr>\n<td width=\"179\"><strong>Tipo de Cookies<\/strong><\/td>\n<td width=\"388\"><strong>O que eles fazem?<\/strong><\/td>\n<\/tr>\n<tr>\n<td width=\"179\"><strong>Necess\u00e1rios<\/strong><\/td>\n<td width=\"388\">Os cookies necess\u00e1rios s\u00e3o essenciais para que o website da <strong>BIOVIS<\/strong> carregue adequadamente e permita que o Usu\u00e1rio navegue corretamente, bem como utilize todas as funcionalidades dispon\u00edveis.<\/td>\n<\/tr>\n<tr>\n<td width=\"179\"><strong>Desempenho<\/strong><\/td>\n<td width=\"388\">Os cookies de desempenho ajudam a entender como os visitantes interagem com a p\u00e1gina da <strong>BIOVIS<\/strong>, fornecendo informa\u00e7\u00f5es sobre as \u00e1reas visitadas, o tempo de visita ao site e quaisquer problemas encontrados, como mensagens de erro.<\/td>\n<\/tr>\n<tr>\n<td width=\"179\"><strong>Funcionais<\/strong><\/td>\n<td width=\"388\">Os cookies funcionais permitem que a p\u00e1gina da <strong>BIOVIS<\/strong> memorize as escolhas dos usu\u00e1rios, para proporcionar uma experi\u00eancia personalizada. Tamb\u00e9m possibilita que se assista v\u00eddeos e utilize ferramentas sociais, campos para coment\u00e1rios, dentre outros.<\/td>\n<\/tr>\n<tr>\n<td width=\"179\"><strong>Marketing<\/strong><\/td>\n<td width=\"388\">Os cookies de marketing s\u00e3o utilizados para fornecer mais conte\u00fado relevante e de seu interesse. Podem ser utilizados para apresentar publicidade com um maior direcionamento. Tamb\u00e9m permitem a medi\u00e7\u00e3o da efic\u00e1cia de uma campanha publicit\u00e1ria lan\u00e7ada pela <strong>BIOVIS<\/strong><strong>. <\/strong><\/td>\n<\/tr>\n<\/tbody>\n<\/table>\n<p>&nbsp;<\/p>\n<h3>6. FINALIDADE DO TRATAMENTO<\/h3>\n<p>A <strong>BIOVIS<\/strong> utilizar\u00e1 os Dados Pessoais coletados quando necess\u00e1rio para atingir quaisquer dos seguintes prop\u00f3sitos:<\/p>\n<ul>\n<li>Bem-estar do usu\u00e1rio e visitante: aprimorar os produtos e servi\u00e7os oferecidos, facilitar, agilizar e cumprir os compromissos estabelecidos entre o usu\u00e1rio e a empresa, melhorar a experi\u00eancia dos usu\u00e1rios e fornecer funcionalidades espec\u00edficas a depender das caracter\u00edsticas b\u00e1sicas do usu\u00e1rio;<\/li>\n<\/ul>\n<p>Al\u00e9m disso, a <strong>BIOVIS<\/strong> poder\u00e1 tratar os Dados Pessoais com base em seu leg\u00edtimo interesse, sempre no limite de sua expectativa e nunca em preju\u00edzo de seus interesses, direitos e liberdades fundamentais.<\/p>\n<p>&nbsp;<\/p>\n<h3>7. COMPARTILHAMENTO DE DADOS PESSOAIS<\/h3>\n<p>A <strong>BIOVIS<\/strong> poder\u00e1 compartilhar seus Dados Pessoais para fornecer e operacionalizar os servi\u00e7os, o que ser\u00e1 realizado para atingir uma finalidade leg\u00edtima e espec\u00edfica.<\/p>\n<p>&nbsp;<\/p>\n<p>Pode-se compartilhar seus dados, por exemplo:<\/p>\n<ul>\n<li>Com outras organiza\u00e7\u00f5es que integram a <strong>BIOVIS<\/strong>;<\/li>\n<li>Com empresas de consultoria profissional para servi\u00e7os banc\u00e1rios, securit\u00e1rios, cont\u00e1beis ou outros servi\u00e7os de consultoria t\u00e9cnica;<\/li>\n<li>\u00d3rg\u00e3os governamentais, autoridades fiscais, Poder Judici\u00e1rio e\/ou outra autoridade competente para o atendimento de obriga\u00e7\u00f5es existentes em legisla\u00e7\u00f5es. Este tratamento poder\u00e1 incluir seus dados de qualifica\u00e7\u00e3o completa, por exemplo.<\/li>\n<li>Com empresas parceiras, prestadores de servi\u00e7os e fornecedores, para atividades voltadas exclusivamente ao relacionamento com a <strong>BIOVIS<\/strong>.<\/li>\n<li>Com empresas de publicidade, para selecionar e produzir an\u00fancios condizentes com o seu perfil, conforme autorizado.<\/li>\n<\/ul>\n<p>&nbsp;<\/p>\n<p>O compartilhamento de Dados Pessoais com terceiros ocorrer\u00e1 apenas para atingir alguma finalidade leg\u00edtima e espec\u00edfica e previamente informada ao usu\u00e1rio\/titular.<\/p>\n<p>&nbsp;<\/p>\n<h3>8. TEMPO DE GUARDA<\/h3>\n<p>Com o intuito de garantir que as informa\u00e7\u00f5es e os Dados Pessoais sejam retidos apenas pelo tempo necess\u00e1rio, s\u00e3o cumpridos os requisitos e regulamentos necess\u00e1rios dos prazos em dispositivos legais e contratuais. Portanto, al\u00e9m da constante observ\u00e2ncia e atualiza\u00e7\u00e3o dessas normativas, independente do seu consentimento ou pedido de exclus\u00e3o, a Lei Geral de Prote\u00e7\u00e3o de Dados permite conservar os Dados Pessoais nas seguintes situa\u00e7\u00f5es:<\/p>\n<ul>\n<li>Cumprimento de obriga\u00e7\u00e3o legal ou regulat\u00f3ria;<\/li>\n<li>Transfer\u00eancia a terceiro, respeitados os seus direitos e previs\u00e3o nas leis de prote\u00e7\u00e3o de dados e privacidade;<\/li>\n<li>Para uso exclusivo, vedado acesso por terceiros, e desde que anonimizados os dados;<\/li>\n<li>Estudo por \u00f3rg\u00e3os de pesquisa, garantida, sempre que poss\u00edvel, a anonimiza\u00e7\u00e3o.<\/li>\n<\/ul>\n<p>&nbsp;<\/p>\n<h3>9. ARMAZENAMENTO SEGURO DOS DADOS PESSOAIS<\/h3>\n<p>Toda informa\u00e7\u00e3o ou Dado Pessoal fornecido observar\u00e1 os padr\u00f5es de seguran\u00e7a necess\u00e1rios para cumprir com as previs\u00f5es legais. A <strong>BIOVIS<\/strong> adota diversas precau\u00e7\u00f5es em observ\u00e2ncia \u00e0s diretrizes sobre padr\u00f5es de seguran\u00e7a estabelecidas nas legisla\u00e7\u00f5es e regulamenta\u00e7\u00f5es aplic\u00e1veis, principalmente:<\/p>\n<ul>\n<li>A <strong>BIOVIS<\/strong> possui prote\u00e7\u00e3o contra acesso n\u00e3o autorizado a seus sistemas e somente autoriza o acesso de pessoas espec\u00edficas ao local onde s\u00e3o armazenadas as suas informa\u00e7\u00f5es pessoais desde que este acesso seja essencial ao desenvolvimento da atividade pretendida;<\/li>\n<li>A <strong>BIOVIS<\/strong> exige que empresas parceiras, prestadores de servi\u00e7os e fornecedores que realizarem o tratamento de Dados Pessoais com base em sua decis\u00e3o, comprometam-se a manter o sigilo absoluto das informa\u00e7\u00f5es e Dados Pessoais acessados, bem como de adotar as melhores pr\u00e1ticas para manuseio destas informa\u00e7\u00f5es, conforme determinado nas pol\u00edticas e procedimentos externos.<\/li>\n<\/ul>\n<p>&nbsp;<\/p>\n<h3>10. DIREITOS DOS TITULARES<\/h3>\n<p>Em cumprimento \u00e0 regulamenta\u00e7\u00e3o aplic\u00e1vel, no que diz respeito ao tratamento de Dados Pessoais, a <strong>BIOVIS<\/strong> respeita e garante ao titular, atrav\u00e9s de solicita\u00e7\u00e3o, os seguintes direitos:<\/p>\n<ul>\n<li>Confirmar a exist\u00eancia de tratamento;<\/li>\n<li>Acessar os seus Dados Pessoais;<\/li>\n<li>Corrigir Dados Pessoais incompletos, inexatos ou desatualizados;<\/li>\n<li>Solicitar a anonimiza\u00e7\u00e3o, bloqueio ou elimina\u00e7\u00e3o de Dados Pessoais desnecess\u00e1rios, excessivos ou tratados em desconformidade com o disposto na LGPD;<\/li>\n<li>Solicitar a portabilidade dos Dados Pessoais para outro fornecedor de um servi\u00e7o ou produto, conforme a regulamenta\u00e7\u00e3o da autoridade nacional;<\/li>\n<li>Apagar ou anonimizar Dados Pessoais tratados com base no seu consentimento, exceto quando a lei autorizar a manuten\u00e7\u00e3o destes dados por outro fundamento;<\/li>\n<li>Obter informa\u00e7\u00f5es sobre a possibilidade de n\u00e3o fornecer consentimento ao tratamento dos seus Dados Pessoais e as consequ\u00eancias de tal nega\u00e7\u00e3o;<\/li>\n<li>Revogar seu consentimento, conforme aplic\u00e1vel;<\/li>\n<li>Apresentar peti\u00e7\u00e3o \u00e0 Autoridade Nacional de Prote\u00e7\u00e3o de Dados (ANPD).<\/li>\n<\/ul>\n<table width=\"100%\">\n<tbody>\n<tr>\n<td><strong>Os Usu\u00e1rios poder\u00e3o exercer qualquer outro direito previsto em lei, mesmo que aqui n\u00e3o elencado. Como exce\u00e7\u00e3o, \u00e9 poss\u00edvel que sua solicita\u00e7\u00e3o n\u00e3o seja atendida, mas se isso acontecer, explicaremos o motivo. <\/strong><\/td>\n<\/tr>\n<\/tbody>\n<\/table>\n<h3>11. NOSSO CONTATO<\/h3>\n<p><strong>\u00a0<\/strong>Para qualquer d\u00favida sobre esta Pol\u00edtica, ou quaisquer reclama\u00e7\u00f5es ou solicita\u00e7\u00f5es (como acesso, obje\u00e7\u00f5es ou solicita\u00e7\u00f5es de corre\u00e7\u00e3o), entre em contato conosco atrav\u00e9s do seguinte canal:<\/p>\n<p>&nbsp;<\/p>\n<p><strong>Francisco Pendiuk<\/strong><\/p>\n<p><strong>lgpd@biovis.com.br<\/strong><\/p>\n<p><strong>(44)3523-7884<\/strong><\/p>\n<p><strong>Rua Dr. Ari Geraldo Assun\u00e7\u00e3o, 89 \u2013 Jardim Nossa Senhora Aparecida.<\/strong><\/p>\n<p><strong>Campo Mour\u00e3o \u2013 PR<\/strong><\/p>\n<p><strong>Cep: 87309-240<\/strong><\/p>\n<p>&nbsp;<\/p>\n<h3>12. ATUALIZA\u00c7\u00d5ES DESTA POL\u00cdTICA<\/h3>\n<p>A <strong>BIOVIS<\/strong> se reserva o direito de modificar, a qualquer momento, esta Pol\u00edtica, especialmente para adapt\u00e1-la \u00e0s eventuais altera\u00e7\u00f5es realizadas em nossos servi\u00e7os, seja pela disponibiliza\u00e7\u00e3o de novas funcionalidades, seja pela supress\u00e3o ou modifica\u00e7\u00e3o daquelas j\u00e1 existentes. Recomendamos a visita a esta Pol\u00edtica para que o Usu\u00e1rio possa estar atualizado das modifica\u00e7\u00f5es.<\/p>\n<p>Os eventuais lit\u00edgios dever\u00e3o ser apresentados no foro da comarca em que se encontra a sede da empresa.<\/p>\n","protected":false},"excerpt":{"rendered":"<p>1. INTRODU\u00c7\u00c3O A VISIUM BIOSSEGURANCA LTDA. (\u201cBIOVIS\u201d), pessoa jur\u00eddica de direito privado, inscrita no CNPJ n\u00ba 05.798.965\/0001-95, com sede na Rua Dr. Ari Geraldo Assun\u00e7\u00e3o, n\u00ba 89, Jd. N. Sra. Aparecida, Campo Mour\u00e3o \u2013 PR, CEP 87309-240, refer\u00eancia na \u00e1rea de equipamentos de higiene e limpeza institucional, em busca de constante aprimoramento, estabelece a presente [&hellip;]<\/p>\n","protected":false},"author":2,"featured_media":0,"parent":0,"menu_order":0,"comment_status":"closed","ping_status":"closed","template":"","meta":{"_joinchat":[],"footnotes":""},"class_list":["post-2649","page","type-page","status-publish","hentry"],"aioseo_notices":[],"_links":{"self":[{"href":"https:\/\/biovis.com.br\/en\/wp-json\/wp\/v2\/pages\/2649","targetHints":{"allow":["GET"]}}],"collection":[{"href":"https:\/\/biovis.com.br\/en\/wp-json\/wp\/v2\/pages"}],"about":[{"href":"https:\/\/biovis.com.br\/en\/wp-json\/wp\/v2\/types\/page"}],"author":[{"embeddable":true,"href":"https:\/\/biovis.com.br\/en\/wp-json\/wp\/v2\/users\/2"}],"replies":[{"embeddable":true,"href":"https:\/\/biovis.com.br\/en\/wp-json\/wp\/v2\/comments?post=2649"}],"version-history":[{"count":10,"href":"https:\/\/biovis.com.br\/en\/wp-json\/wp\/v2\/pages\/2649\/revisions"}],"predecessor-version":[{"id":3185,"href":"https:\/\/biovis.com.br\/en\/wp-json\/wp\/v2\/pages\/2649\/revisions\/3185"}],"wp:attachment":[{"href":"https:\/\/biovis.com.br\/en\/wp-json\/wp\/v2\/media?parent=2649"}],"curies":[{"name":"wp","href":"https:\/\/api.w.org\/{rel}","templated":true}]}}